{"id":770,"date":"2024-06-08T19:25:22","date_gmt":"2024-06-08T19:25:22","guid":{"rendered":"https:\/\/spinpadelmexico.com\/?post_type=product&#038;p=770"},"modified":"2025-01-20T18:00:34","modified_gmt":"2025-01-20T18:00:34","slug":"pelotas-padel-spin-fire-paquetex2","status":"publish","type":"product","link":"https:\/\/spinpadelmexico.com\/en\/product\/padel-balls-spinfire-package-x2","title":{"rendered":"X2 Touch Balls with Carry Bag Pack"},"content":{"rendered":"<p>120 Spinfire Touch balls + Ball bag<\/p>","protected":false},"excerpt":{"rendered":"<p>120 Spinfire Touch balls + Ball bag<\/p>","protected":false},"featured_media":771,"comment_status":"open","ping_status":"closed","template":"","meta":{"_kadence_starter_templates_imported_post":false,"_kad_post_transparent":"default","_kad_post_title":"","_kad_post_layout":"default","_kad_post_sidebar_id":"","_kad_post_content_style":"default","_kad_post_vertical_padding":"default","_kad_post_feature":"","_kad_post_feature_position":"","_kad_post_header":false,"_kad_post_footer":false},"product_brand":[],"product_cat":[34],"product_tag":[36],"class_list":{"0":"post-770","1":"product","2":"type-product","3":"status-publish","4":"has-post-thumbnail","6":"product_cat-paquetes-pelotas-touch","7":"product_tag-paquete-x2-touch-pelotas-con-bolsa","9":"first","10":"outofstock","11":"sale","12":"shipping-taxable","13":"purchasable","14":"product-type-simple","15":"entry","16":"content-bg","17":"loop-entry"},"yoast_head":"<!-- This site is optimized with the Yoast SEO plugin v23.2 - https:\/\/yoast.com\/wordpress\/plugins\/seo\/ -->\n<title>Paquete X2 Touch Pelotas con Bolsa - Spin Padel Mexico<\/title>\n<meta name=\"description\" content=\"El n\u00facleo de goma blanda de las pelotas Spinfire Touch elimina la necesidad de presi\u00f3n de aire interna, lo que garantiza un rebote constante durante toda su vida \u00fatil.\" \/>\n<meta name=\"robots\" content=\"index, follow, max-snippet:-1, max-image-preview:large, max-video-preview:-1\" \/>\n<link rel=\"canonical\" href=\"https:\/\/spinpadelmexico.com\/en\/product\/padel-balls-spinfire-package-x2\" \/>\n<meta property=\"og:locale\" content=\"en_US\" \/>\n<meta property=\"og:type\" content=\"article\" \/>\n<meta property=\"og:title\" content=\"Paquete X2 Touch Pelotas con Bolsa - Spin Padel Mexico\" \/>\n<meta property=\"og:description\" content=\"El n\u00facleo de goma blanda de las pelotas Spinfire Touch elimina la necesidad de presi\u00f3n de aire interna, lo que garantiza un rebote constante durante toda su vida \u00fatil.\" \/>\n<meta property=\"og:url\" content=\"https:\/\/spinpadelmexico.com\/en\/product\/padel-balls-spinfire-package-x2\" \/>\n<meta property=\"og:site_name\" content=\"Spin Padel Mexico\" \/>\n<meta property=\"article:modified_time\" content=\"2025-01-20T18:00:34+00:00\" \/>\n<meta property=\"og:image\" content=\"https:\/\/spinpadelmexico.com\/wp-content\/uploads\/2024\/06\/Diseno-sin-titulo-82.png\" \/>\n\t<meta property=\"og:image:width\" content=\"1080\" \/>\n\t<meta property=\"og:image:height\" content=\"1080\" \/>\n\t<meta property=\"og:image:type\" content=\"image\/png\" \/>\n<meta name=\"twitter:card\" content=\"summary_large_image\" \/>\n<meta name=\"twitter:label1\" content=\"Est. reading time\" \/>\n\t<meta name=\"twitter:data1\" content=\"1 minute\" \/>\n<script type=\"application\/ld+json\" class=\"yoast-schema-graph\">{\"@context\":\"https:\/\/schema.org\",\"@graph\":[{\"@type\":\"WebPage\",\"@id\":\"https:\/\/spinpadelmexico.com\/product\/pelotas-padel-spin-fire-paquetex2\",\"url\":\"https:\/\/spinpadelmexico.com\/product\/pelotas-padel-spin-fire-paquetex2\",\"name\":\"Paquete X2 Touch Pelotas con Bolsa - Spin Padel Mexico\",\"isPartOf\":{\"@id\":\"https:\/\/spinpadelmexico.com\/#website\"},\"primaryImageOfPage\":{\"@id\":\"https:\/\/spinpadelmexico.com\/product\/pelotas-padel-spin-fire-paquetex2#primaryimage\"},\"image\":{\"@id\":\"https:\/\/spinpadelmexico.com\/product\/pelotas-padel-spin-fire-paquetex2#primaryimage\"},\"thumbnailUrl\":\"https:\/\/spinpadelmexico.com\/wp-content\/uploads\/2024\/06\/Diseno-sin-titulo-82.png\",\"datePublished\":\"2024-06-08T19:25:22+00:00\",\"dateModified\":\"2025-01-20T18:00:34+00:00\",\"description\":\"El n\u00facleo de goma blanda de las pelotas Spinfire Touch elimina la necesidad de presi\u00f3n de aire interna, lo que garantiza un rebote constante durante toda su vida \u00fatil.\",\"breadcrumb\":{\"@id\":\"https:\/\/spinpadelmexico.com\/product\/pelotas-padel-spin-fire-paquetex2#breadcrumb\"},\"inLanguage\":\"en-US\",\"potentialAction\":[{\"@type\":\"ReadAction\",\"target\":[\"https:\/\/spinpadelmexico.com\/product\/pelotas-padel-spin-fire-paquetex2\"]}]},{\"@type\":\"ImageObject\",\"inLanguage\":\"en-US\",\"@id\":\"https:\/\/spinpadelmexico.com\/product\/pelotas-padel-spin-fire-paquetex2#primaryimage\",\"url\":\"https:\/\/spinpadelmexico.com\/wp-content\/uploads\/2024\/06\/Diseno-sin-titulo-82.png\",\"contentUrl\":\"https:\/\/spinpadelmexico.com\/wp-content\/uploads\/2024\/06\/Diseno-sin-titulo-82.png\",\"width\":1080,\"height\":1080},{\"@type\":\"BreadcrumbList\",\"@id\":\"https:\/\/spinpadelmexico.com\/product\/pelotas-padel-spin-fire-paquetex2#breadcrumb\",\"itemListElement\":[{\"@type\":\"ListItem\",\"position\":1,\"name\":\"Home\",\"item\":\"https:\/\/spinpadelmexico.com\/\"},{\"@type\":\"ListItem\",\"position\":2,\"name\":\"Tienda\",\"item\":\"https:\/\/spinpadelmexico.com\/tienda\"},{\"@type\":\"ListItem\",\"position\":3,\"name\":\"Paquete X2 Touch Pelotas con Bolsa\"}]},{\"@type\":\"WebSite\",\"@id\":\"https:\/\/spinpadelmexico.com\/#website\",\"url\":\"https:\/\/spinpadelmexico.com\/\",\"name\":\"Spin Padel Mexico\",\"description\":\"\",\"publisher\":{\"@id\":\"https:\/\/spinpadelmexico.com\/#organization\"},\"potentialAction\":[{\"@type\":\"SearchAction\",\"target\":{\"@type\":\"EntryPoint\",\"urlTemplate\":\"https:\/\/spinpadelmexico.com\/?s={search_term_string}\"},\"query-input\":\"required name=search_term_string\"}],\"inLanguage\":\"en-US\"},{\"@type\":\"Organization\",\"@id\":\"https:\/\/spinpadelmexico.com\/#organization\",\"name\":\"Spin Padel Mexico\",\"url\":\"https:\/\/spinpadelmexico.com\/\",\"logo\":{\"@type\":\"ImageObject\",\"inLanguage\":\"en-US\",\"@id\":\"https:\/\/spinpadelmexico.com\/#\/schema\/logo\/image\/\",\"url\":\"https:\/\/spinpadelmexico.com\/wp-content\/uploads\/2024\/07\/cropped-cropped-Spin-Padel-Final-2-1536x1390-1.webp\",\"contentUrl\":\"https:\/\/spinpadelmexico.com\/wp-content\/uploads\/2024\/07\/cropped-cropped-Spin-Padel-Final-2-1536x1390-1.webp\",\"width\":1536,\"height\":1389,\"caption\":\"Spin Padel Mexico\"},\"image\":{\"@id\":\"https:\/\/spinpadelmexico.com\/#\/schema\/logo\/image\/\"}}]}<\/script>\n<!-- \/ Yoast SEO plugin. -->","yoast_head_json":{"title":"Paquete X2 Touch Pelotas con Bolsa - Spin Padel Mexico","description":"El n\u00facleo de goma blanda de las pelotas Spinfire Touch elimina la necesidad de presi\u00f3n de aire interna, lo que garantiza un rebote constante durante toda su vida \u00fatil.","robots":{"index":"index","follow":"follow","max-snippet":"max-snippet:-1","max-image-preview":"max-image-preview:large","max-video-preview":"max-video-preview:-1"},"canonical":"https:\/\/spinpadelmexico.com\/en\/product\/padel-balls-spinfire-package-x2","og_locale":"en_US","og_type":"article","og_title":"Paquete X2 Touch Pelotas con Bolsa - Spin Padel Mexico","og_description":"El n\u00facleo de goma blanda de las pelotas Spinfire Touch elimina la necesidad de presi\u00f3n de aire interna, lo que garantiza un rebote constante durante toda su vida \u00fatil.","og_url":"https:\/\/spinpadelmexico.com\/en\/product\/padel-balls-spinfire-package-x2","og_site_name":"Spin Padel Mexico","article_modified_time":"2025-01-20T18:00:34+00:00","og_image":[{"width":1080,"height":1080,"url":"https:\/\/spinpadelmexico.com\/wp-content\/uploads\/2024\/06\/Diseno-sin-titulo-82.png","type":"image\/png"}],"twitter_card":"summary_large_image","twitter_misc":{"Est. reading time":"1 minute"},"schema":{"@context":"https:\/\/schema.org","@graph":[{"@type":"WebPage","@id":"https:\/\/spinpadelmexico.com\/product\/pelotas-padel-spin-fire-paquetex2","url":"https:\/\/spinpadelmexico.com\/product\/pelotas-padel-spin-fire-paquetex2","name":"Paquete X2 Touch Pelotas con Bolsa - Spin Padel Mexico","isPartOf":{"@id":"https:\/\/spinpadelmexico.com\/#website"},"primaryImageOfPage":{"@id":"https:\/\/spinpadelmexico.com\/product\/pelotas-padel-spin-fire-paquetex2#primaryimage"},"image":{"@id":"https:\/\/spinpadelmexico.com\/product\/pelotas-padel-spin-fire-paquetex2#primaryimage"},"thumbnailUrl":"https:\/\/spinpadelmexico.com\/wp-content\/uploads\/2024\/06\/Diseno-sin-titulo-82.png","datePublished":"2024-06-08T19:25:22+00:00","dateModified":"2025-01-20T18:00:34+00:00","description":"El n\u00facleo de goma blanda de las pelotas Spinfire Touch elimina la necesidad de presi\u00f3n de aire interna, lo que garantiza un rebote constante durante toda su vida \u00fatil.","breadcrumb":{"@id":"https:\/\/spinpadelmexico.com\/product\/pelotas-padel-spin-fire-paquetex2#breadcrumb"},"inLanguage":"en-US","potentialAction":[{"@type":"ReadAction","target":["https:\/\/spinpadelmexico.com\/product\/pelotas-padel-spin-fire-paquetex2"]}]},{"@type":"ImageObject","inLanguage":"en-US","@id":"https:\/\/spinpadelmexico.com\/product\/pelotas-padel-spin-fire-paquetex2#primaryimage","url":"https:\/\/spinpadelmexico.com\/wp-content\/uploads\/2024\/06\/Diseno-sin-titulo-82.png","contentUrl":"https:\/\/spinpadelmexico.com\/wp-content\/uploads\/2024\/06\/Diseno-sin-titulo-82.png","width":1080,"height":1080},{"@type":"BreadcrumbList","@id":"https:\/\/spinpadelmexico.com\/product\/pelotas-padel-spin-fire-paquetex2#breadcrumb","itemListElement":[{"@type":"ListItem","position":1,"name":"Home","item":"https:\/\/spinpadelmexico.com\/"},{"@type":"ListItem","position":2,"name":"Tienda","item":"https:\/\/spinpadelmexico.com\/tienda"},{"@type":"ListItem","position":3,"name":"Paquete X2 Touch Pelotas con Bolsa"}]},{"@type":"WebSite","@id":"https:\/\/spinpadelmexico.com\/#website","url":"https:\/\/spinpadelmexico.com\/","name":"Spin Padel Mexico","description":"","publisher":{"@id":"https:\/\/spinpadelmexico.com\/#organization"},"potentialAction":[{"@type":"SearchAction","target":{"@type":"EntryPoint","urlTemplate":"https:\/\/spinpadelmexico.com\/?s={search_term_string}"},"query-input":"required name=search_term_string"}],"inLanguage":"en-US"},{"@type":"Organization","@id":"https:\/\/spinpadelmexico.com\/#organization","name":"Spin Padel Mexico","url":"https:\/\/spinpadelmexico.com\/","logo":{"@type":"ImageObject","inLanguage":"en-US","@id":"https:\/\/spinpadelmexico.com\/#\/schema\/logo\/image\/","url":"https:\/\/spinpadelmexico.com\/wp-content\/uploads\/2024\/07\/cropped-cropped-Spin-Padel-Final-2-1536x1390-1.webp","contentUrl":"https:\/\/spinpadelmexico.com\/wp-content\/uploads\/2024\/07\/cropped-cropped-Spin-Padel-Final-2-1536x1390-1.webp","width":1536,"height":1389,"caption":"Spin Padel Mexico"},"image":{"@id":"https:\/\/spinpadelmexico.com\/#\/schema\/logo\/image\/"}}]}},"jetpack_sharing_enabled":true,"_links":{"self":[{"href":"https:\/\/spinpadelmexico.com\/en\/wp-json\/wp\/v2\/product\/770","targetHints":{"allow":["GET"]}}],"collection":[{"href":"https:\/\/spinpadelmexico.com\/en\/wp-json\/wp\/v2\/product"}],"about":[{"href":"https:\/\/spinpadelmexico.com\/en\/wp-json\/wp\/v2\/types\/product"}],"replies":[{"embeddable":true,"href":"https:\/\/spinpadelmexico.com\/en\/wp-json\/wp\/v2\/comments?post=770"}],"wp:featuredmedia":[{"embeddable":true,"href":"https:\/\/spinpadelmexico.com\/en\/wp-json\/wp\/v2\/media\/771"}],"wp:attachment":[{"href":"https:\/\/spinpadelmexico.com\/en\/wp-json\/wp\/v2\/media?parent=770"}],"wp:term":[{"taxonomy":"product_brand","embeddable":true,"href":"https:\/\/spinpadelmexico.com\/en\/wp-json\/wp\/v2\/product_brand?post=770"},{"taxonomy":"product_cat","embeddable":true,"href":"https:\/\/spinpadelmexico.com\/en\/wp-json\/wp\/v2\/product_cat?post=770"},{"taxonomy":"product_tag","embeddable":true,"href":"https:\/\/spinpadelmexico.com\/en\/wp-json\/wp\/v2\/product_tag?post=770"}],"curies":[{"name":"wp","href":"https:\/\/api.w.org\/{rel}","templated":true}]}}