{"id":417,"date":"2024-05-28T21:58:10","date_gmt":"2024-05-28T21:58:10","guid":{"rendered":"http:\/\/spinpadelmexico.com\/?post_type=product&#038;p=417"},"modified":"2025-01-20T17:59:29","modified_gmt":"2025-01-20T17:59:29","slug":"spinfire-cubierta-maquina-spin-fire-padel","status":"publish","type":"product","link":"https:\/\/spinpadelmexico.com\/en\/product\/spinfire-cover-machine-spin-fire-padel","title":{"rendered":"Spinfire Machine Cover"},"content":{"rendered":"<p>La funda Spinfire Pro Series (v2) proteger\u00e1 su m\u00e1quina del polvo, los residuos, las hojas, etc. Tiene un bolsillo con cierre para guardar el cargador y los accesorios. Est\u00e1 dise\u00f1ada para usarse con la m\u00e1quina plegada (sin pelotas y con la tolva invertida). No debe usarse para dejar la m\u00e1quina en la cancha cuando hace mal tiempo.<\/p>","protected":false},"excerpt":{"rendered":"<p><strong>Spinfire Machine Cover<\/strong><\/p>","protected":false},"featured_media":2075,"comment_status":"open","ping_status":"closed","template":"","meta":{"_kadence_starter_templates_imported_post":false,"_kad_post_transparent":"default","_kad_post_title":"","_kad_post_layout":"default","_kad_post_sidebar_id":"","_kad_post_content_style":"default","_kad_post_vertical_padding":"default","_kad_post_feature":"","_kad_post_feature_position":"","_kad_post_header":false,"_kad_post_footer":false},"product_brand":[],"product_cat":[40],"product_tag":[28,41],"class_list":{"0":"post-417","1":"product","2":"type-product","3":"status-publish","4":"has-post-thumbnail","6":"product_cat-accesorios","7":"product_tag-cover","8":"product_tag-cubierta-para-maquina","10":"first","11":"outofstock","12":"sale","13":"shipping-taxable","14":"purchasable","15":"product-type-simple","16":"entry","17":"content-bg","18":"loop-entry"},"yoast_head":"<!-- This site is optimized with the Yoast SEO plugin v23.2 - https:\/\/yoast.com\/wordpress\/plugins\/seo\/ -->\n<title>Spinfire Cubierta Para Maquina - Spin Padel Mexico<\/title>\n<meta name=\"description\" content=\"La funda Spinfire Pro Series (v2) proteger\u00e1 su m\u00e1quina del polvo, los residuos, las hojas, etc.\" \/>\n<meta name=\"robots\" content=\"index, follow, max-snippet:-1, max-image-preview:large, max-video-preview:-1\" \/>\n<link rel=\"canonical\" href=\"https:\/\/spinpadelmexico.com\/en\/product\/spinfire-cover-machine-spin-fire-padel\" \/>\n<meta property=\"og:locale\" content=\"en_US\" \/>\n<meta property=\"og:type\" content=\"article\" \/>\n<meta property=\"og:title\" content=\"Spinfire Cubierta Para Maquina - Spin Padel Mexico\" \/>\n<meta property=\"og:description\" content=\"La funda Spinfire Pro Series (v2) proteger\u00e1 su m\u00e1quina del polvo, los residuos, las hojas, etc.\" \/>\n<meta property=\"og:url\" content=\"https:\/\/spinpadelmexico.com\/en\/product\/spinfire-cover-machine-spin-fire-padel\" \/>\n<meta property=\"og:site_name\" content=\"Spin Padel Mexico\" \/>\n<meta property=\"article:modified_time\" content=\"2025-01-20T17:59:29+00:00\" \/>\n<meta property=\"og:image\" content=\"https:\/\/spinpadelmexico.com\/wp-content\/uploads\/2024\/05\/39-spinfire-pro-cover-300x300-1.webp\" \/>\n\t<meta property=\"og:image:width\" content=\"300\" \/>\n\t<meta property=\"og:image:height\" content=\"300\" \/>\n\t<meta property=\"og:image:type\" content=\"image\/webp\" \/>\n<meta name=\"twitter:card\" content=\"summary_large_image\" \/>\n<meta name=\"twitter:label1\" content=\"Est. reading time\" \/>\n\t<meta name=\"twitter:data1\" content=\"1 minute\" \/>\n<script type=\"application\/ld+json\" class=\"yoast-schema-graph\">{\"@context\":\"https:\/\/schema.org\",\"@graph\":[{\"@type\":\"WebPage\",\"@id\":\"https:\/\/spinpadelmexico.com\/product\/spinfire-cubierta-maquina-spin-fire-padel\",\"url\":\"https:\/\/spinpadelmexico.com\/product\/spinfire-cubierta-maquina-spin-fire-padel\",\"name\":\"Spinfire Cubierta Para Maquina - Spin Padel Mexico\",\"isPartOf\":{\"@id\":\"https:\/\/spinpadelmexico.com\/#website\"},\"primaryImageOfPage\":{\"@id\":\"https:\/\/spinpadelmexico.com\/product\/spinfire-cubierta-maquina-spin-fire-padel#primaryimage\"},\"image\":{\"@id\":\"https:\/\/spinpadelmexico.com\/product\/spinfire-cubierta-maquina-spin-fire-padel#primaryimage\"},\"thumbnailUrl\":\"https:\/\/spinpadelmexico.com\/wp-content\/uploads\/2024\/05\/39-spinfire-pro-cover-300x300-1.webp\",\"datePublished\":\"2024-05-28T21:58:10+00:00\",\"dateModified\":\"2025-01-20T17:59:29+00:00\",\"description\":\"La funda Spinfire Pro Series (v2) proteger\u00e1 su m\u00e1quina del polvo, los residuos, las hojas, etc.\",\"breadcrumb\":{\"@id\":\"https:\/\/spinpadelmexico.com\/product\/spinfire-cubierta-maquina-spin-fire-padel#breadcrumb\"},\"inLanguage\":\"en-US\",\"potentialAction\":[{\"@type\":\"ReadAction\",\"target\":[\"https:\/\/spinpadelmexico.com\/product\/spinfire-cubierta-maquina-spin-fire-padel\"]}]},{\"@type\":\"ImageObject\",\"inLanguage\":\"en-US\",\"@id\":\"https:\/\/spinpadelmexico.com\/product\/spinfire-cubierta-maquina-spin-fire-padel#primaryimage\",\"url\":\"https:\/\/spinpadelmexico.com\/wp-content\/uploads\/2024\/05\/39-spinfire-pro-cover-300x300-1.webp\",\"contentUrl\":\"https:\/\/spinpadelmexico.com\/wp-content\/uploads\/2024\/05\/39-spinfire-pro-cover-300x300-1.webp\",\"width\":300,\"height\":300},{\"@type\":\"BreadcrumbList\",\"@id\":\"https:\/\/spinpadelmexico.com\/product\/spinfire-cubierta-maquina-spin-fire-padel#breadcrumb\",\"itemListElement\":[{\"@type\":\"ListItem\",\"position\":1,\"name\":\"Home\",\"item\":\"https:\/\/spinpadelmexico.com\/\"},{\"@type\":\"ListItem\",\"position\":2,\"name\":\"Tienda\",\"item\":\"https:\/\/spinpadelmexico.com\/tienda\"},{\"@type\":\"ListItem\",\"position\":3,\"name\":\"Spinfire Cubierta Para Maquina\"}]},{\"@type\":\"WebSite\",\"@id\":\"https:\/\/spinpadelmexico.com\/#website\",\"url\":\"https:\/\/spinpadelmexico.com\/\",\"name\":\"Spin Padel Mexico\",\"description\":\"\",\"publisher\":{\"@id\":\"https:\/\/spinpadelmexico.com\/#organization\"},\"potentialAction\":[{\"@type\":\"SearchAction\",\"target\":{\"@type\":\"EntryPoint\",\"urlTemplate\":\"https:\/\/spinpadelmexico.com\/?s={search_term_string}\"},\"query-input\":\"required name=search_term_string\"}],\"inLanguage\":\"en-US\"},{\"@type\":\"Organization\",\"@id\":\"https:\/\/spinpadelmexico.com\/#organization\",\"name\":\"Spin Padel Mexico\",\"url\":\"https:\/\/spinpadelmexico.com\/\",\"logo\":{\"@type\":\"ImageObject\",\"inLanguage\":\"en-US\",\"@id\":\"https:\/\/spinpadelmexico.com\/#\/schema\/logo\/image\/\",\"url\":\"https:\/\/spinpadelmexico.com\/wp-content\/uploads\/2024\/07\/cropped-cropped-Spin-Padel-Final-2-1536x1390-1.webp\",\"contentUrl\":\"https:\/\/spinpadelmexico.com\/wp-content\/uploads\/2024\/07\/cropped-cropped-Spin-Padel-Final-2-1536x1390-1.webp\",\"width\":1536,\"height\":1389,\"caption\":\"Spin Padel Mexico\"},\"image\":{\"@id\":\"https:\/\/spinpadelmexico.com\/#\/schema\/logo\/image\/\"}}]}<\/script>\n<!-- \/ Yoast SEO plugin. -->","yoast_head_json":{"title":"Spinfire Cubierta Para Maquina - Spin Padel Mexico","description":"La funda Spinfire Pro Series (v2) proteger\u00e1 su m\u00e1quina del polvo, los residuos, las hojas, etc.","robots":{"index":"index","follow":"follow","max-snippet":"max-snippet:-1","max-image-preview":"max-image-preview:large","max-video-preview":"max-video-preview:-1"},"canonical":"https:\/\/spinpadelmexico.com\/en\/product\/spinfire-cover-machine-spin-fire-padel","og_locale":"en_US","og_type":"article","og_title":"Spinfire Cubierta Para Maquina - Spin Padel Mexico","og_description":"La funda Spinfire Pro Series (v2) proteger\u00e1 su m\u00e1quina del polvo, los residuos, las hojas, etc.","og_url":"https:\/\/spinpadelmexico.com\/en\/product\/spinfire-cover-machine-spin-fire-padel","og_site_name":"Spin Padel Mexico","article_modified_time":"2025-01-20T17:59:29+00:00","og_image":[{"width":300,"height":300,"url":"https:\/\/spinpadelmexico.com\/wp-content\/uploads\/2024\/05\/39-spinfire-pro-cover-300x300-1.webp","type":"image\/webp"}],"twitter_card":"summary_large_image","twitter_misc":{"Est. reading time":"1 minute"},"schema":{"@context":"https:\/\/schema.org","@graph":[{"@type":"WebPage","@id":"https:\/\/spinpadelmexico.com\/product\/spinfire-cubierta-maquina-spin-fire-padel","url":"https:\/\/spinpadelmexico.com\/product\/spinfire-cubierta-maquina-spin-fire-padel","name":"Spinfire Cubierta Para Maquina - Spin Padel Mexico","isPartOf":{"@id":"https:\/\/spinpadelmexico.com\/#website"},"primaryImageOfPage":{"@id":"https:\/\/spinpadelmexico.com\/product\/spinfire-cubierta-maquina-spin-fire-padel#primaryimage"},"image":{"@id":"https:\/\/spinpadelmexico.com\/product\/spinfire-cubierta-maquina-spin-fire-padel#primaryimage"},"thumbnailUrl":"https:\/\/spinpadelmexico.com\/wp-content\/uploads\/2024\/05\/39-spinfire-pro-cover-300x300-1.webp","datePublished":"2024-05-28T21:58:10+00:00","dateModified":"2025-01-20T17:59:29+00:00","description":"La funda Spinfire Pro Series (v2) proteger\u00e1 su m\u00e1quina del polvo, los residuos, las hojas, etc.","breadcrumb":{"@id":"https:\/\/spinpadelmexico.com\/product\/spinfire-cubierta-maquina-spin-fire-padel#breadcrumb"},"inLanguage":"en-US","potentialAction":[{"@type":"ReadAction","target":["https:\/\/spinpadelmexico.com\/product\/spinfire-cubierta-maquina-spin-fire-padel"]}]},{"@type":"ImageObject","inLanguage":"en-US","@id":"https:\/\/spinpadelmexico.com\/product\/spinfire-cubierta-maquina-spin-fire-padel#primaryimage","url":"https:\/\/spinpadelmexico.com\/wp-content\/uploads\/2024\/05\/39-spinfire-pro-cover-300x300-1.webp","contentUrl":"https:\/\/spinpadelmexico.com\/wp-content\/uploads\/2024\/05\/39-spinfire-pro-cover-300x300-1.webp","width":300,"height":300},{"@type":"BreadcrumbList","@id":"https:\/\/spinpadelmexico.com\/product\/spinfire-cubierta-maquina-spin-fire-padel#breadcrumb","itemListElement":[{"@type":"ListItem","position":1,"name":"Home","item":"https:\/\/spinpadelmexico.com\/"},{"@type":"ListItem","position":2,"name":"Tienda","item":"https:\/\/spinpadelmexico.com\/tienda"},{"@type":"ListItem","position":3,"name":"Spinfire Cubierta Para Maquina"}]},{"@type":"WebSite","@id":"https:\/\/spinpadelmexico.com\/#website","url":"https:\/\/spinpadelmexico.com\/","name":"Spin Padel Mexico","description":"","publisher":{"@id":"https:\/\/spinpadelmexico.com\/#organization"},"potentialAction":[{"@type":"SearchAction","target":{"@type":"EntryPoint","urlTemplate":"https:\/\/spinpadelmexico.com\/?s={search_term_string}"},"query-input":"required name=search_term_string"}],"inLanguage":"en-US"},{"@type":"Organization","@id":"https:\/\/spinpadelmexico.com\/#organization","name":"Spin Padel Mexico","url":"https:\/\/spinpadelmexico.com\/","logo":{"@type":"ImageObject","inLanguage":"en-US","@id":"https:\/\/spinpadelmexico.com\/#\/schema\/logo\/image\/","url":"https:\/\/spinpadelmexico.com\/wp-content\/uploads\/2024\/07\/cropped-cropped-Spin-Padel-Final-2-1536x1390-1.webp","contentUrl":"https:\/\/spinpadelmexico.com\/wp-content\/uploads\/2024\/07\/cropped-cropped-Spin-Padel-Final-2-1536x1390-1.webp","width":1536,"height":1389,"caption":"Spin Padel Mexico"},"image":{"@id":"https:\/\/spinpadelmexico.com\/#\/schema\/logo\/image\/"}}]}},"jetpack_sharing_enabled":true,"_links":{"self":[{"href":"https:\/\/spinpadelmexico.com\/en\/wp-json\/wp\/v2\/product\/417","targetHints":{"allow":["GET"]}}],"collection":[{"href":"https:\/\/spinpadelmexico.com\/en\/wp-json\/wp\/v2\/product"}],"about":[{"href":"https:\/\/spinpadelmexico.com\/en\/wp-json\/wp\/v2\/types\/product"}],"replies":[{"embeddable":true,"href":"https:\/\/spinpadelmexico.com\/en\/wp-json\/wp\/v2\/comments?post=417"}],"wp:featuredmedia":[{"embeddable":true,"href":"https:\/\/spinpadelmexico.com\/en\/wp-json\/wp\/v2\/media\/2075"}],"wp:attachment":[{"href":"https:\/\/spinpadelmexico.com\/en\/wp-json\/wp\/v2\/media?parent=417"}],"wp:term":[{"taxonomy":"product_brand","embeddable":true,"href":"https:\/\/spinpadelmexico.com\/en\/wp-json\/wp\/v2\/product_brand?post=417"},{"taxonomy":"product_cat","embeddable":true,"href":"https:\/\/spinpadelmexico.com\/en\/wp-json\/wp\/v2\/product_cat?post=417"},{"taxonomy":"product_tag","embeddable":true,"href":"https:\/\/spinpadelmexico.com\/en\/wp-json\/wp\/v2\/product_tag?post=417"}],"curies":[{"name":"wp","href":"https:\/\/api.w.org\/{rel}","templated":true}]}}