{"id":420,"date":"2024-05-28T22:03:18","date_gmt":"2024-05-28T22:03:18","guid":{"rendered":"http:\/\/spinpadelmexico.com\/?page_id=420"},"modified":"2024-08-02T22:52:03","modified_gmt":"2024-08-02T22:52:03","slug":"accesorios-spinpadelmexico","status":"publish","type":"page","link":"https:\/\/spinpadelmexico.com\/en\/accessories-spinpadelmexico","title":{"rendered":"Los mejores accesorios para lanzapelotas &#8211; Spin Padel M\u00e9xico"},"content":{"rendered":"<h2 class=\"wp-block-heading has-text-align-center has-theme-palette-7-color has-text-color has-background has-link-color wp-elements-ff03afac39d1a6fac0fd904feddf49eb\" style=\"background:linear-gradient(180deg,rgb(78,35,148) 0%,rgb(219,201,245) 100%)\">Top Accessories for Ball Machines - Spin Padel Mexico<\/h2>\n\n\n\n<hr class=\"wp-block-separator has-text-color has-theme-palette-7-color has-alpha-channel-opacity has-theme-palette-7-background-color has-background is-style-wide\"\/>\n\n\n\n<h2 class=\"wp-block-heading has-text-align-center has-theme-palette-1-color has-text-color has-link-color wp-elements-a35e41671285eab1e07fc70f526aa963\"><strong>Essential accessories for your ball machine<\/strong><\/h2>\n\n\n<div data-block-name=\"woocommerce\/handpicked-products\" data-products=\"[415,417,418]\" class=\"wc-block-grid wp-block-handpicked-products wp-block-woocommerce-handpicked-products wc-block-handpicked-products has-3-columns has-multiple-rows\"><ul class=\"wc-block-grid__products\"><li class=\"wc-block-grid__product entry loop-entry content-bg woo-archive-action-on-hover woo-archive-btn-text product-loop-boxed woo-archive-image-hover-none\"><a href=\"https:\/\/spinpadelmexico.com\/en\/product\/spinfire-fast-charger-spin-padel-mexico\" class=\"wc-block-grid__product-link woocommerce-loop-image-link woocommerce-LoopProduct-link woocommerce-loop-product__link\">\n\t\t\t\t\t<img decoding=\"async\" width=\"300\" height=\"300\" src=\"https:\/\/spinpadelmexico.com\/wp-content\/uploads\/2024\/05\/37-spinfireballmachine-fast-charger-300x300-1.webp\" class=\"attachment-woocommerce_thumbnail size-woocommerce_thumbnail\" alt=\"Spinfire Fast Charger\" srcset=\"https:\/\/spinpadelmexico.com\/wp-content\/uploads\/2024\/05\/37-spinfireballmachine-fast-charger-300x300-1.webp 300w, https:\/\/spinpadelmexico.com\/wp-content\/uploads\/2024\/05\/37-spinfireballmachine-fast-charger-300x300-1-150x150.webp 150w, https:\/\/spinpadelmexico.com\/wp-content\/uploads\/2024\/05\/37-spinfireballmachine-fast-charger-300x300-1-12x12.webp 12w, https:\/\/spinpadelmexico.com\/wp-content\/uploads\/2024\/05\/37-spinfireballmachine-fast-charger-300x300-1-100x100.webp 100w\" sizes=\"(max-width: 300px) 100vw, 300px\" \/>\n\t\t\t\t\t\n\t\t\t\t<\/a><div class=\"wc-block-grid__product-onsale\">\n\t\t\t<span aria-hidden=\"true\">Sale<\/span>\n\t\t\t<span class=\"screen-reader-text\">Product on sale<\/span>\n\t\t<\/div>\n\t\t\t\t<div class=\"product-details content-bg entry-content-wrap\">\n\t\t\t\t\t<a href=\"https:\/\/spinpadelmexico.com\/en\/product\/spinfire-fast-charger-spin-padel-mexico\" class=\"wc-block-grid__product-title-link\">\n\t\t\t\t\t\t<div class=\"wc-block-grid__product-title\">Spinfire Fast Charger<\/div>\n\t\t\t\t\t<\/a>\n\t\t\t\t\t\n\t\t\t\t\t<div class=\"wc-block-grid__product-price price\"><del aria-hidden=\"true\"><span class=\"woocommerce-Price-amount amount\"><span class=\"woocommerce-Price-currencySymbol\">&#036;<\/span>3,280.00<\/span><\/del> <span class=\"screen-reader-text\">Original price was: &#036;3,280.00.<\/span><ins aria-hidden=\"true\"><span class=\"woocommerce-Price-amount amount\"><span class=\"woocommerce-Price-currencySymbol\">&#036;<\/span>2,926.00<\/span><\/ins><span class=\"screen-reader-text\">Current price is: &#036;2,926.00.<\/span><\/div>\n\t\t\t\t\t<div class=\"wp-block-button wc-block-grid__product-add-to-cart\"><a href=\"https:\/\/spinpadelmexico.com\/en\/product\/spinfire-fast-charger-spin-padel-mexico\" aria-label=\"Read more about &ldquo;Spinfire Cargador Rapido&rdquo;\" data-quantity=\"1\" data-product_id=\"418\" data-product_sku=\"\" rel=\"nofollow\" class=\"wp-block-button__link add_to_cart_button\">Read more<span class=\"kadence-svg-iconset svg-baseline\"><svg aria-hidden=\"true\" class=\"kadence-svg-icon kadence-arrow-right-alt-svg\" fill=\"currentColor\" version=\"1.1\" xmlns=\"http:\/\/www.w3.org\/2000\/svg\" width=\"27\" height=\"28\" viewbox=\"0 0 27 28\"><title>Continue<\/title><path d=\"M27 13.953c0 0.141-0.063 0.281-0.156 0.375l-6 5.531c-0.156 0.141-0.359 0.172-0.547 0.094-0.172-0.078-0.297-0.25-0.297-0.453v-3.5h-19.5c-0.281 0-0.5-0.219-0.5-0.5v-3c0-0.281 0.219-0.5 0.5-0.5h19.5v-3.5c0-0.203 0.109-0.375 0.297-0.453s0.391-0.047 0.547 0.078l6 5.469c0.094 0.094 0.156 0.219 0.156 0.359v0z\"><\/path>\n\t\t\t\t<\/svg><\/span><span class=\"kadence-svg-iconset svg-baseline\"><svg class=\"kadence-svg-icon kadence-spinner-svg\" fill=\"currentColor\" version=\"1.1\" xmlns=\"http:\/\/www.w3.org\/2000\/svg\" width=\"16\" height=\"16\" viewbox=\"0 0 16 16\"><title>Loading<\/title><path d=\"M16 6h-6l2.243-2.243c-1.133-1.133-2.64-1.757-4.243-1.757s-3.109 0.624-4.243 1.757c-1.133 1.133-1.757 2.64-1.757 4.243s0.624 3.109 1.757 4.243c1.133 1.133 2.64 1.757 4.243 1.757s3.109-0.624 4.243-1.757c0.095-0.095 0.185-0.192 0.273-0.292l1.505 1.317c-1.466 1.674-3.62 2.732-6.020 2.732-4.418 0-8-3.582-8-8s3.582-8 8-8c2.209 0 4.209 0.896 5.656 2.344l2.343-2.344v6z\"><\/path>\n\t\t\t\t<\/svg><\/span><span class=\"kadence-svg-iconset svg-baseline\"><svg class=\"kadence-svg-icon kadence-check-svg\" fill=\"currentColor\" version=\"1.1\" xmlns=\"http:\/\/www.w3.org\/2000\/svg\" width=\"16\" height=\"16\" viewbox=\"0 0 16 16\"><title>Done<\/title><path d=\"M14 2.5l-8.5 8.5-3.5-3.5-1.5 1.5 5 5 10-10z\"><\/path>\n\t\t\t\t<\/svg><\/span><\/a><\/div>\n\t\t\t\t<\/div>\n\t\t\t<\/li><li class=\"wc-block-grid__product entry loop-entry content-bg woo-archive-action-on-hover woo-archive-btn-text product-loop-boxed woo-archive-image-hover-none\"><a href=\"https:\/\/spinpadelmexico.com\/en\/product\/spinfire-cover-machine-spin-fire-padel\" class=\"wc-block-grid__product-link woocommerce-loop-image-link woocommerce-LoopProduct-link woocommerce-loop-product__link\">\n\t\t\t\t\t<img decoding=\"async\" width=\"300\" height=\"300\" src=\"https:\/\/spinpadelmexico.com\/wp-content\/uploads\/2024\/05\/39-spinfire-pro-cover-300x300-1.webp\" class=\"attachment-woocommerce_thumbnail size-woocommerce_thumbnail\" alt=\"Spinfire Machine Cover\" srcset=\"https:\/\/spinpadelmexico.com\/wp-content\/uploads\/2024\/05\/39-spinfire-pro-cover-300x300-1.webp 300w, https:\/\/spinpadelmexico.com\/wp-content\/uploads\/2024\/05\/39-spinfire-pro-cover-300x300-1-150x150.webp 150w, https:\/\/spinpadelmexico.com\/wp-content\/uploads\/2024\/05\/39-spinfire-pro-cover-300x300-1-12x12.webp 12w, https:\/\/spinpadelmexico.com\/wp-content\/uploads\/2024\/05\/39-spinfire-pro-cover-300x300-1-100x100.webp 100w\" sizes=\"(max-width: 300px) 100vw, 300px\" \/>\n\t\t\t\t\t\n\t\t\t\t<\/a><div class=\"wc-block-grid__product-onsale\">\n\t\t\t<span aria-hidden=\"true\">Sale<\/span>\n\t\t\t<span class=\"screen-reader-text\">Product on sale<\/span>\n\t\t<\/div>\n\t\t\t\t<div class=\"product-details content-bg entry-content-wrap\">\n\t\t\t\t\t<a href=\"https:\/\/spinpadelmexico.com\/en\/product\/spinfire-cover-machine-spin-fire-padel\" class=\"wc-block-grid__product-title-link\">\n\t\t\t\t\t\t<div class=\"wc-block-grid__product-title\">Spinfire Machine Cover<\/div>\n\t\t\t\t\t<\/a>\n\t\t\t\t\t\n\t\t\t\t\t<div class=\"wc-block-grid__product-price price\"><del aria-hidden=\"true\"><span class=\"woocommerce-Price-amount amount\"><span class=\"woocommerce-Price-currencySymbol\">&#036;<\/span>1,460.00<\/span><\/del> <span class=\"screen-reader-text\">Original price was: &#036;1,460.00.<\/span><ins aria-hidden=\"true\"><span class=\"woocommerce-Price-amount amount\"><span class=\"woocommerce-Price-currencySymbol\">&#036;<\/span>1,306.00<\/span><\/ins><span class=\"screen-reader-text\">Current price is: &#036;1,306.00.<\/span><\/div>\n\t\t\t\t\t<div class=\"wp-block-button wc-block-grid__product-add-to-cart\"><a href=\"https:\/\/spinpadelmexico.com\/en\/product\/spinfire-cover-machine-spin-fire-padel\" aria-label=\"Read more about &ldquo;Spinfire Cubierta Para Maquina&rdquo;\" data-quantity=\"1\" data-product_id=\"417\" data-product_sku=\"\" rel=\"nofollow\" class=\"wp-block-button__link add_to_cart_button\">Read more<span class=\"kadence-svg-iconset svg-baseline\"><svg aria-hidden=\"true\" class=\"kadence-svg-icon kadence-arrow-right-alt-svg\" fill=\"currentColor\" version=\"1.1\" xmlns=\"http:\/\/www.w3.org\/2000\/svg\" width=\"27\" height=\"28\" viewbox=\"0 0 27 28\"><title>Continue<\/title><path d=\"M27 13.953c0 0.141-0.063 0.281-0.156 0.375l-6 5.531c-0.156 0.141-0.359 0.172-0.547 0.094-0.172-0.078-0.297-0.25-0.297-0.453v-3.5h-19.5c-0.281 0-0.5-0.219-0.5-0.5v-3c0-0.281 0.219-0.5 0.5-0.5h19.5v-3.5c0-0.203 0.109-0.375 0.297-0.453s0.391-0.047 0.547 0.078l6 5.469c0.094 0.094 0.156 0.219 0.156 0.359v0z\"><\/path>\n\t\t\t\t<\/svg><\/span><span class=\"kadence-svg-iconset svg-baseline\"><svg class=\"kadence-svg-icon kadence-spinner-svg\" fill=\"currentColor\" version=\"1.1\" xmlns=\"http:\/\/www.w3.org\/2000\/svg\" width=\"16\" height=\"16\" viewbox=\"0 0 16 16\"><title>Loading<\/title><path d=\"M16 6h-6l2.243-2.243c-1.133-1.133-2.64-1.757-4.243-1.757s-3.109 0.624-4.243 1.757c-1.133 1.133-1.757 2.64-1.757 4.243s0.624 3.109 1.757 4.243c1.133 1.133 2.64 1.757 4.243 1.757s3.109-0.624 4.243-1.757c0.095-0.095 0.185-0.192 0.273-0.292l1.505 1.317c-1.466 1.674-3.62 2.732-6.020 2.732-4.418 0-8-3.582-8-8s3.582-8 8-8c2.209 0 4.209 0.896 5.656 2.344l2.343-2.344v6z\"><\/path>\n\t\t\t\t<\/svg><\/span><span class=\"kadence-svg-iconset svg-baseline\"><svg class=\"kadence-svg-icon kadence-check-svg\" fill=\"currentColor\" version=\"1.1\" xmlns=\"http:\/\/www.w3.org\/2000\/svg\" width=\"16\" height=\"16\" viewbox=\"0 0 16 16\"><title>Done<\/title><path d=\"M14 2.5l-8.5 8.5-3.5-3.5-1.5 1.5 5 5 10-10z\"><\/path>\n\t\t\t\t<\/svg><\/span><\/a><\/div>\n\t\t\t\t<\/div>\n\t\t\t<\/li><li class=\"wc-block-grid__product entry loop-entry content-bg woo-archive-action-on-hover woo-archive-btn-text product-loop-boxed woo-archive-image-hover-none\"><a href=\"https:\/\/spinpadelmexico.com\/en\/product\/spinfire-ball-carry-bag\" class=\"wc-block-grid__product-link woocommerce-loop-image-link woocommerce-LoopProduct-link woocommerce-loop-product__link\">\n\t\t\t\t\t<img decoding=\"async\" width=\"300\" height=\"300\" src=\"https:\/\/spinpadelmexico.com\/wp-content\/uploads\/2024\/05\/spinfire-tennisballbag_4-thmbnl-300x300.jpg\" class=\"attachment-woocommerce_thumbnail size-woocommerce_thumbnail\" alt=\"Spinfire Ball Carry Bag\" srcset=\"https:\/\/spinpadelmexico.com\/wp-content\/uploads\/2024\/05\/spinfire-tennisballbag_4-thmbnl-300x300.jpg 300w, https:\/\/spinpadelmexico.com\/wp-content\/uploads\/2024\/05\/spinfire-tennisballbag_4-thmbnl-150x150.jpg 150w, https:\/\/spinpadelmexico.com\/wp-content\/uploads\/2024\/05\/spinfire-tennisballbag_4-thmbnl-768x768.jpg 768w, https:\/\/spinpadelmexico.com\/wp-content\/uploads\/2024\/05\/spinfire-tennisballbag_4-thmbnl-600x600.jpg 600w, https:\/\/spinpadelmexico.com\/wp-content\/uploads\/2024\/05\/spinfire-tennisballbag_4-thmbnl-100x100.jpg 100w, https:\/\/spinpadelmexico.com\/wp-content\/uploads\/2024\/05\/spinfire-tennisballbag_4-thmbnl.jpg 1000w\" sizes=\"(max-width: 300px) 100vw, 300px\" \/>\n\t\t\t\t\t\n\t\t\t\t<\/a><div class=\"wc-block-grid__product-onsale\">\n\t\t\t<span aria-hidden=\"true\">Sale<\/span>\n\t\t\t<span class=\"screen-reader-text\">Product on sale<\/span>\n\t\t<\/div>\n\t\t\t\t<div class=\"product-details content-bg entry-content-wrap\">\n\t\t\t\t\t<a href=\"https:\/\/spinpadelmexico.com\/en\/product\/spinfire-ball-carry-bag\" class=\"wc-block-grid__product-title-link\">\n\t\t\t\t\t\t<div class=\"wc-block-grid__product-title\">Spinfire Ball Carry Bag<\/div>\n\t\t\t\t\t<\/a>\n\t\t\t\t\t\n\t\t\t\t\t<div class=\"wc-block-grid__product-price price\"><del aria-hidden=\"true\"><span class=\"woocommerce-Price-amount amount\"><span class=\"woocommerce-Price-currencySymbol\">&#036;<\/span>1,640.00<\/span><\/del> <span class=\"screen-reader-text\">Original price was: &#036;1,640.00.<\/span><ins aria-hidden=\"true\"><span class=\"woocommerce-Price-amount amount\"><span class=\"woocommerce-Price-currencySymbol\">&#036;<\/span>1,463.00<\/span><\/ins><span class=\"screen-reader-text\">Current price is: &#036;1,463.00.<\/span><\/div>\n\t\t\t\t\t<div class=\"wp-block-button wc-block-grid__product-add-to-cart\"><a href=\"https:\/\/spinpadelmexico.com\/en\/product\/spinfire-ball-carry-bag\" aria-label=\"Read more about &ldquo;Bolsa de transporte para pelotas Spinfire&rdquo;\" data-quantity=\"1\" data-product_id=\"415\" data-product_sku=\"\" rel=\"nofollow\" class=\"wp-block-button__link add_to_cart_button\">Read more<span class=\"kadence-svg-iconset svg-baseline\"><svg aria-hidden=\"true\" class=\"kadence-svg-icon kadence-arrow-right-alt-svg\" fill=\"currentColor\" version=\"1.1\" xmlns=\"http:\/\/www.w3.org\/2000\/svg\" width=\"27\" height=\"28\" viewbox=\"0 0 27 28\"><title>Continue<\/title><path d=\"M27 13.953c0 0.141-0.063 0.281-0.156 0.375l-6 5.531c-0.156 0.141-0.359 0.172-0.547 0.094-0.172-0.078-0.297-0.25-0.297-0.453v-3.5h-19.5c-0.281 0-0.5-0.219-0.5-0.5v-3c0-0.281 0.219-0.5 0.5-0.5h19.5v-3.5c0-0.203 0.109-0.375 0.297-0.453s0.391-0.047 0.547 0.078l6 5.469c0.094 0.094 0.156 0.219 0.156 0.359v0z\"><\/path>\n\t\t\t\t<\/svg><\/span><span class=\"kadence-svg-iconset svg-baseline\"><svg class=\"kadence-svg-icon kadence-spinner-svg\" fill=\"currentColor\" version=\"1.1\" xmlns=\"http:\/\/www.w3.org\/2000\/svg\" width=\"16\" height=\"16\" viewbox=\"0 0 16 16\"><title>Loading<\/title><path d=\"M16 6h-6l2.243-2.243c-1.133-1.133-2.64-1.757-4.243-1.757s-3.109 0.624-4.243 1.757c-1.133 1.133-1.757 2.64-1.757 4.243s0.624 3.109 1.757 4.243c1.133 1.133 2.64 1.757 4.243 1.757s3.109-0.624 4.243-1.757c0.095-0.095 0.185-0.192 0.273-0.292l1.505 1.317c-1.466 1.674-3.62 2.732-6.020 2.732-4.418 0-8-3.582-8-8s3.582-8 8-8c2.209 0 4.209 0.896 5.656 2.344l2.343-2.344v6z\"><\/path>\n\t\t\t\t<\/svg><\/span><span class=\"kadence-svg-iconset svg-baseline\"><svg class=\"kadence-svg-icon kadence-check-svg\" fill=\"currentColor\" version=\"1.1\" xmlns=\"http:\/\/www.w3.org\/2000\/svg\" width=\"16\" height=\"16\" viewbox=\"0 0 16 16\"><title>Done<\/title><path d=\"M14 2.5l-8.5 8.5-3.5-3.5-1.5 1.5 5 5 10-10z\"><\/path>\n\t\t\t\t<\/svg><\/span><\/a><\/div>\n\t\t\t\t<\/div>\n\t\t\t<\/li><\/ul><\/div>","protected":false},"excerpt":{"rendered":"<p>Explora los mejores accesorios para las m\u00e1quinas lanzapelotas Spinfire &#8211; Spin Padel M\u00e9xico Accesorios esenciales para tu m\u00e1quina de pelotas<\/p>","protected":false},"author":1,"featured_media":0,"parent":0,"menu_order":0,"comment_status":"closed","ping_status":"closed","template":"","meta":{"_kadence_starter_templates_imported_post":false,"_kad_post_transparent":"","_kad_post_title":"hide","_kad_post_layout":"","_kad_post_sidebar_id":"","_kad_post_content_style":"","_kad_post_vertical_padding":"","_kad_post_feature":"","_kad_post_feature_position":"","_kad_post_header":false,"_kad_post_footer":false,"footnotes":""},"class_list":["post-420","page","type-page","status-publish","hentry"],"yoast_head":"<!-- This site is optimized with the Yoast SEO plugin v23.2 - https:\/\/yoast.com\/wordpress\/plugins\/seo\/ -->\n<title>Los mejores accesorios para lanzapelotas - Spin Padel M\u00e9xico - Spin Padel Mexico<\/title>\n<meta name=\"robots\" content=\"index, follow, max-snippet:-1, max-image-preview:large, max-video-preview:-1\" \/>\n<link rel=\"canonical\" href=\"https:\/\/spinpadelmexico.com\/en\/accessories-spinpadelmexico\" \/>\n<meta property=\"og:locale\" content=\"en_US\" \/>\n<meta property=\"og:type\" content=\"article\" \/>\n<meta property=\"og:title\" content=\"Los mejores accesorios para lanzapelotas - Spin Padel M\u00e9xico - Spin Padel Mexico\" \/>\n<meta property=\"og:description\" content=\"Explora los mejores accesorios para las m\u00e1quinas lanzapelotas Spinfire &#8211; Spin Padel M\u00e9xico Accesorios esenciales para tu m\u00e1quina de pelotas\" \/>\n<meta property=\"og:url\" content=\"https:\/\/spinpadelmexico.com\/en\/accessories-spinpadelmexico\" \/>\n<meta property=\"og:site_name\" content=\"Spin Padel Mexico\" \/>\n<meta property=\"article:modified_time\" content=\"2024-08-02T22:52:03+00:00\" \/>\n<meta name=\"twitter:card\" content=\"summary_large_image\" \/>\n<meta name=\"twitter:label1\" content=\"Est. reading time\" \/>\n\t<meta name=\"twitter:data1\" content=\"1 minute\" \/>\n<script type=\"application\/ld+json\" class=\"yoast-schema-graph\">{\"@context\":\"https:\/\/schema.org\",\"@graph\":[{\"@type\":\"WebPage\",\"@id\":\"https:\/\/spinpadelmexico.com\/accesorios-spinpadelmexico\",\"url\":\"https:\/\/spinpadelmexico.com\/accesorios-spinpadelmexico\",\"name\":\"Los mejores accesorios para lanzapelotas - Spin Padel M\u00e9xico - Spin Padel Mexico\",\"isPartOf\":{\"@id\":\"https:\/\/spinpadelmexico.com\/#website\"},\"datePublished\":\"2024-05-28T22:03:18+00:00\",\"dateModified\":\"2024-08-02T22:52:03+00:00\",\"breadcrumb\":{\"@id\":\"https:\/\/spinpadelmexico.com\/accesorios-spinpadelmexico#breadcrumb\"},\"inLanguage\":\"en-US\",\"potentialAction\":[{\"@type\":\"ReadAction\",\"target\":[\"https:\/\/spinpadelmexico.com\/accesorios-spinpadelmexico\"]}]},{\"@type\":\"BreadcrumbList\",\"@id\":\"https:\/\/spinpadelmexico.com\/accesorios-spinpadelmexico#breadcrumb\",\"itemListElement\":[{\"@type\":\"ListItem\",\"position\":1,\"name\":\"Home\",\"item\":\"https:\/\/spinpadelmexico.com\/\"},{\"@type\":\"ListItem\",\"position\":2,\"name\":\"Los mejores accesorios para lanzapelotas &#8211; Spin Padel M\u00e9xico\"}]},{\"@type\":\"WebSite\",\"@id\":\"https:\/\/spinpadelmexico.com\/#website\",\"url\":\"https:\/\/spinpadelmexico.com\/\",\"name\":\"Spin Padel Mexico\",\"description\":\"\",\"publisher\":{\"@id\":\"https:\/\/spinpadelmexico.com\/#organization\"},\"potentialAction\":[{\"@type\":\"SearchAction\",\"target\":{\"@type\":\"EntryPoint\",\"urlTemplate\":\"https:\/\/spinpadelmexico.com\/?s={search_term_string}\"},\"query-input\":\"required name=search_term_string\"}],\"inLanguage\":\"en-US\"},{\"@type\":\"Organization\",\"@id\":\"https:\/\/spinpadelmexico.com\/#organization\",\"name\":\"Spin Padel Mexico\",\"url\":\"https:\/\/spinpadelmexico.com\/\",\"logo\":{\"@type\":\"ImageObject\",\"inLanguage\":\"en-US\",\"@id\":\"https:\/\/spinpadelmexico.com\/#\/schema\/logo\/image\/\",\"url\":\"https:\/\/spinpadelmexico.com\/wp-content\/uploads\/2024\/07\/cropped-cropped-Spin-Padel-Final-2-1536x1390-1.webp\",\"contentUrl\":\"https:\/\/spinpadelmexico.com\/wp-content\/uploads\/2024\/07\/cropped-cropped-Spin-Padel-Final-2-1536x1390-1.webp\",\"width\":1536,\"height\":1389,\"caption\":\"Spin Padel Mexico\"},\"image\":{\"@id\":\"https:\/\/spinpadelmexico.com\/#\/schema\/logo\/image\/\"}}]}<\/script>\n<!-- \/ Yoast SEO plugin. -->","yoast_head_json":{"title":"Los mejores accesorios para lanzapelotas - Spin Padel M\u00e9xico - Spin Padel Mexico","robots":{"index":"index","follow":"follow","max-snippet":"max-snippet:-1","max-image-preview":"max-image-preview:large","max-video-preview":"max-video-preview:-1"},"canonical":"https:\/\/spinpadelmexico.com\/en\/accessories-spinpadelmexico","og_locale":"en_US","og_type":"article","og_title":"Los mejores accesorios para lanzapelotas - Spin Padel M\u00e9xico - Spin Padel Mexico","og_description":"Explora los mejores accesorios para las m\u00e1quinas lanzapelotas Spinfire &#8211; Spin Padel M\u00e9xico Accesorios esenciales para tu m\u00e1quina de pelotas","og_url":"https:\/\/spinpadelmexico.com\/en\/accessories-spinpadelmexico","og_site_name":"Spin Padel Mexico","article_modified_time":"2024-08-02T22:52:03+00:00","twitter_card":"summary_large_image","twitter_misc":{"Est. reading time":"1 minute"},"schema":{"@context":"https:\/\/schema.org","@graph":[{"@type":"WebPage","@id":"https:\/\/spinpadelmexico.com\/accesorios-spinpadelmexico","url":"https:\/\/spinpadelmexico.com\/accesorios-spinpadelmexico","name":"Los mejores accesorios para lanzapelotas - Spin Padel M\u00e9xico - Spin Padel Mexico","isPartOf":{"@id":"https:\/\/spinpadelmexico.com\/#website"},"datePublished":"2024-05-28T22:03:18+00:00","dateModified":"2024-08-02T22:52:03+00:00","breadcrumb":{"@id":"https:\/\/spinpadelmexico.com\/accesorios-spinpadelmexico#breadcrumb"},"inLanguage":"en-US","potentialAction":[{"@type":"ReadAction","target":["https:\/\/spinpadelmexico.com\/accesorios-spinpadelmexico"]}]},{"@type":"BreadcrumbList","@id":"https:\/\/spinpadelmexico.com\/accesorios-spinpadelmexico#breadcrumb","itemListElement":[{"@type":"ListItem","position":1,"name":"Home","item":"https:\/\/spinpadelmexico.com\/"},{"@type":"ListItem","position":2,"name":"Los mejores accesorios para lanzapelotas &#8211; Spin Padel M\u00e9xico"}]},{"@type":"WebSite","@id":"https:\/\/spinpadelmexico.com\/#website","url":"https:\/\/spinpadelmexico.com\/","name":"Spin Padel Mexico","description":"","publisher":{"@id":"https:\/\/spinpadelmexico.com\/#organization"},"potentialAction":[{"@type":"SearchAction","target":{"@type":"EntryPoint","urlTemplate":"https:\/\/spinpadelmexico.com\/?s={search_term_string}"},"query-input":"required name=search_term_string"}],"inLanguage":"en-US"},{"@type":"Organization","@id":"https:\/\/spinpadelmexico.com\/#organization","name":"Spin Padel Mexico","url":"https:\/\/spinpadelmexico.com\/","logo":{"@type":"ImageObject","inLanguage":"en-US","@id":"https:\/\/spinpadelmexico.com\/#\/schema\/logo\/image\/","url":"https:\/\/spinpadelmexico.com\/wp-content\/uploads\/2024\/07\/cropped-cropped-Spin-Padel-Final-2-1536x1390-1.webp","contentUrl":"https:\/\/spinpadelmexico.com\/wp-content\/uploads\/2024\/07\/cropped-cropped-Spin-Padel-Final-2-1536x1390-1.webp","width":1536,"height":1389,"caption":"Spin Padel Mexico"},"image":{"@id":"https:\/\/spinpadelmexico.com\/#\/schema\/logo\/image\/"}}]}},"jetpack_sharing_enabled":true,"_links":{"self":[{"href":"https:\/\/spinpadelmexico.com\/en\/wp-json\/wp\/v2\/pages\/420","targetHints":{"allow":["GET"]}}],"collection":[{"href":"https:\/\/spinpadelmexico.com\/en\/wp-json\/wp\/v2\/pages"}],"about":[{"href":"https:\/\/spinpadelmexico.com\/en\/wp-json\/wp\/v2\/types\/page"}],"author":[{"embeddable":true,"href":"https:\/\/spinpadelmexico.com\/en\/wp-json\/wp\/v2\/users\/1"}],"replies":[{"embeddable":true,"href":"https:\/\/spinpadelmexico.com\/en\/wp-json\/wp\/v2\/comments?post=420"}],"version-history":[{"count":0,"href":"https:\/\/spinpadelmexico.com\/en\/wp-json\/wp\/v2\/pages\/420\/revisions"}],"wp:attachment":[{"href":"https:\/\/spinpadelmexico.com\/en\/wp-json\/wp\/v2\/media?parent=420"}],"curies":[{"name":"wp","href":"https:\/\/api.w.org\/{rel}","templated":true}]}}