{"id":2097,"date":"2024-07-27T19:52:28","date_gmt":"2024-07-27T19:52:28","guid":{"rendered":"https:\/\/spinpadelmexico.com\/?page_id=2097"},"modified":"2024-07-29T03:26:48","modified_gmt":"2024-07-29T03:26:48","slug":"envios-devoluciones-garantia","status":"publish","type":"page","link":"https:\/\/spinpadelmexico.com\/en\/envios-devoluciones-garantia","title":{"rendered":"Shipping, Warranty, and Returns"},"content":{"rendered":"<h1 class=\"wp-block-heading has-text-align-center has-theme-palette-7-color has-text-color has-background has-link-color wp-elements-d02c0288cc51aa6a8ab1dca39e7daaaf\" style=\"background:linear-gradient(180deg,rgb(78,35,148) 0%,rgb(219,201,245) 100%)\">Shipping, Warranty, and Returns<\/h1>\n\n\n\n<hr class=\"wp-block-separator has-text-color has-theme-palette-7-color has-alpha-channel-opacity has-theme-palette-7-background-color has-background is-style-wide\"\/>\n\n\n\n<h2 class=\"wp-block-heading has-theme-palette-1-color has-text-color has-link-color wp-elements-30c4b8843fac8d0d2986e96ce9ca7d56\">Shipping Policy<\/h2>\n\n\n\n<p>Orders are shipped within 24-48 hours. Delivery within Mexico typically takes 3-5 business days. We do not ship on weekends or holidays. Our warehouse is in Cancun, Quintana Roo. We are not responsible for courier delays.<\/p>\n\n\n\n<hr class=\"wp-block-separator has-text-color has-theme-palette-7-color has-alpha-channel-opacity has-theme-palette-7-background-color has-background is-style-wide\"\/>\n\n\n\n<h2 class=\"wp-block-heading has-theme-palette-1-color has-text-color has-link-color wp-elements-7f472b38aab08d993171af2279396adf\"><strong>Receiving orders<\/strong><\/h2>\n\n\n\n<p>Inspect your package upon receipt. Report any damage or missing items immediately by calling <br>(52) 998 220 5567 and\/or send an email to <a href=\"mailto:ventas@spinpadelmexico.com\">ventas@spinpadelmexico.com<\/a><\/p>\n\n\n\n<hr class=\"wp-block-separator has-text-color has-theme-palette-7-color has-alpha-channel-opacity has-theme-palette-7-background-color has-background is-style-wide\"\/>\n\n\n\n<h2 class=\"wp-block-heading has-theme-palette-1-color has-text-color has-link-color wp-elements-dc2b0424b4c23b7679c8bd8bdd7a5ddb\"><strong>Pr<\/strong>ices<\/h2>\n\n\n\n<p>We are not liable for typographical or pricing errors. All orders are subject to review and confirmation by Spin Padel Mexico, a division of Baraka Wealth Management SAPI de CV, even if paid. Prices may change without notice, and we do not offer price protection.<\/p>\n\n\n\n<hr class=\"wp-block-separator has-text-color has-theme-palette-7-color has-alpha-channel-opacity has-theme-palette-7-background-color has-background is-style-wide\"\/>\n\n\n\n<h2 class=\"wp-block-heading has-theme-palette-1-color has-text-color has-link-color wp-elements-d6e02abc3a39e02d71ba06d0c5720999\">Limitation of Liability<\/h2>\n\n\n\n<p>Spin Padel Mexico, a division of Baraka Wealth Management SAPI de CV, is not responsible for incidental or consequential damages, including return shipping costs, rental of a similar product, travel expenses, property damage, lost income, or inconvenience. Some jurisdictions may not allow these exclusions, so they may not apply to you.<\/p>\n\n\n\n<hr class=\"wp-block-separator has-text-color has-theme-palette-7-color has-alpha-channel-opacity has-theme-palette-7-background-color has-background is-style-wide\"\/>\n\n\n\n<h2 class=\"wp-block-heading has-theme-palette-1-color has-text-color has-link-color wp-elements-98d2430b19c7d5a18db5a5cca8a23c9e\">Jurisdiction<\/h2>\n\n\n\n<p>Any disputes or claims, including warranty claims, will be governed by Mexican law. The courts of Quintana Roo have exclusive jurisdiction.<\/p>\n\n\n\n<hr class=\"wp-block-separator has-text-color has-theme-palette-7-color has-alpha-channel-opacity has-theme-palette-7-background-color has-background is-style-wide\"\/>\n\n\n\n<h1 class=\"wp-block-heading has-text-align-center has-theme-palette-1-color has-text-color has-link-color wp-elements-9d9d7f3ce22547816cf06471d88081f3\">Warranty<\/h1>\n\n\n\n<h2 class=\"wp-block-heading has-theme-palette-1-color has-text-color has-link-color wp-elements-de6d04e70b01a52c119e6d8744ec47db\">2-Year Warranty<\/h2>\n\n\n\n<p>New Spinfire Pro ball machines come with a 2-year warranty for parts and labor, except for the SLA battery (6 months). Lithium batteries match the machine's warranty. Refurbished models have a 1-year warranty (SLA battery: 6 months). Warranty covers normal use, excluding abuse, unauthorized repairs, or modifications. Cosmetic damage is not covered. The warranty is non-transferable and applies from the purchase date. For warranty repairs, contact us for a Return Material Authorization (RMA) number. Shipping costs to our facility are the customer's responsibility; return shipping is covered by us.<\/p>\n\n\n\n<h2 class=\"wp-block-heading has-theme-palette-1-color has-text-color has-link-color wp-elements-cff6978dd391ac88104aa57f94a1d344\">Satisfaction Guarantee<\/h2>\n\n\n\n<p>You may return your Spinfire Pro Ball Machine within 30 days for a partial refund. Obtain an RMA number by calling (52) 998 220 5567 and\/or send an email to <a href=\"mailto:ventas@spinpadelmexico.com\">ventas@spinpadelmexico.com<\/a> . <br>Machines must be in resalable condition and returned in the original packaging. Refunds exclude shipping costs and a 20% restocking fee. An additional 2,500 MXN fee applies for machines used on clay courts. Return shipping costs and insurance are the customer's responsibility. Refunds are processed within 15 business days of receipt and inspection.<\/p>\n\n\n\n<p><br>This policy does not apply to demo, reconditioned, or refurbished machines, or to accessories unless unused and in original packaging.<\/p>\n\n\n\n<p><br>All returns must be insured for full retail value. Spin Padel Mexico, a division of Baraka Wealth Management SAPI de CV, is not responsible for loss or damage during transit.<\/p>\n\n\n\n<p><br>All references to Spinfire refer to Spin Padel Mexico, a division of Baraka Wealth Management SAPI de CV, Cancun, Quintana Roo, Mexico.<\/p>\n\n\n\n<hr class=\"wp-block-separator has-text-color has-theme-palette-7-color has-alpha-channel-opacity has-theme-palette-7-background-color has-background is-style-wide\"\/>","protected":false},"excerpt":{"rendered":"<p>Env\u00edo, Garant\u00eda y Devoluciones Politica de Envios Los pedidos se env\u00edan en un plazo de 24 a 48 horas. La entrega dentro de M\u00e9xico suele tardar entre 3 y 5 d\u00edas h\u00e1biles. No realizamos env\u00edos los fines de semana ni los d\u00edas festivos. Nuestro almac\u00e9n se encuentra en Canc\u00fan, Quintana Roo. No nos hacemos responsables&#8230;<\/p>","protected":false},"author":1,"featured_media":0,"parent":0,"menu_order":0,"comment_status":"closed","ping_status":"closed","template":"","meta":{"_kadence_starter_templates_imported_post":false,"_kad_post_transparent":"","_kad_post_title":"hide","_kad_post_layout":"","_kad_post_sidebar_id":"","_kad_post_content_style":"","_kad_post_vertical_padding":"","_kad_post_feature":"","_kad_post_feature_position":"","_kad_post_header":false,"_kad_post_footer":false,"footnotes":""},"class_list":["post-2097","page","type-page","status-publish","hentry"],"yoast_head":"<!-- This site is optimized with the Yoast SEO plugin v23.2 - https:\/\/yoast.com\/wordpress\/plugins\/seo\/ -->\n<title>Env\u00edo, garant\u00eda y devoluciones - Spin Padel Mexico<\/title>\n<meta name=\"robots\" content=\"index, follow, max-snippet:-1, max-image-preview:large, max-video-preview:-1\" \/>\n<link rel=\"canonical\" href=\"https:\/\/spinpadelmexico.com\/en\/envios-devoluciones-garantia\" \/>\n<meta property=\"og:locale\" content=\"en_US\" \/>\n<meta property=\"og:type\" content=\"article\" \/>\n<meta property=\"og:title\" content=\"Env\u00edo, garant\u00eda y devoluciones - Spin Padel Mexico\" \/>\n<meta property=\"og:description\" content=\"Env\u00edo, Garant\u00eda y Devoluciones Politica de Envios Los pedidos se env\u00edan en un plazo de 24 a 48 horas. La entrega dentro de M\u00e9xico suele tardar entre 3 y 5 d\u00edas h\u00e1biles. No realizamos env\u00edos los fines de semana ni los d\u00edas festivos. Nuestro almac\u00e9n se encuentra en Canc\u00fan, Quintana Roo. No nos hacemos responsables...\" \/>\n<meta property=\"og:url\" content=\"https:\/\/spinpadelmexico.com\/en\/envios-devoluciones-garantia\" \/>\n<meta property=\"og:site_name\" content=\"Spin Padel Mexico\" \/>\n<meta property=\"article:modified_time\" content=\"2024-07-29T03:26:48+00:00\" \/>\n<meta name=\"twitter:card\" content=\"summary_large_image\" \/>\n<meta name=\"twitter:label1\" content=\"Est. reading time\" \/>\n\t<meta name=\"twitter:data1\" content=\"3 minutes\" \/>\n<script type=\"application\/ld+json\" class=\"yoast-schema-graph\">{\"@context\":\"https:\/\/schema.org\",\"@graph\":[{\"@type\":\"WebPage\",\"@id\":\"https:\/\/spinpadelmexico.com\/envios-devoluciones-garantia\",\"url\":\"https:\/\/spinpadelmexico.com\/envios-devoluciones-garantia\",\"name\":\"Env\u00edo, garant\u00eda y devoluciones - Spin Padel Mexico\",\"isPartOf\":{\"@id\":\"https:\/\/spinpadelmexico.com\/#website\"},\"datePublished\":\"2024-07-27T19:52:28+00:00\",\"dateModified\":\"2024-07-29T03:26:48+00:00\",\"breadcrumb\":{\"@id\":\"https:\/\/spinpadelmexico.com\/envios-devoluciones-garantia#breadcrumb\"},\"inLanguage\":\"en-US\",\"potentialAction\":[{\"@type\":\"ReadAction\",\"target\":[\"https:\/\/spinpadelmexico.com\/envios-devoluciones-garantia\"]}]},{\"@type\":\"BreadcrumbList\",\"@id\":\"https:\/\/spinpadelmexico.com\/envios-devoluciones-garantia#breadcrumb\",\"itemListElement\":[{\"@type\":\"ListItem\",\"position\":1,\"name\":\"Home\",\"item\":\"https:\/\/spinpadelmexico.com\/\"},{\"@type\":\"ListItem\",\"position\":2,\"name\":\"Env\u00edo, garant\u00eda y devoluciones\"}]},{\"@type\":\"WebSite\",\"@id\":\"https:\/\/spinpadelmexico.com\/#website\",\"url\":\"https:\/\/spinpadelmexico.com\/\",\"name\":\"Spin Padel Mexico\",\"description\":\"\",\"publisher\":{\"@id\":\"https:\/\/spinpadelmexico.com\/#organization\"},\"potentialAction\":[{\"@type\":\"SearchAction\",\"target\":{\"@type\":\"EntryPoint\",\"urlTemplate\":\"https:\/\/spinpadelmexico.com\/?s={search_term_string}\"},\"query-input\":\"required name=search_term_string\"}],\"inLanguage\":\"en-US\"},{\"@type\":\"Organization\",\"@id\":\"https:\/\/spinpadelmexico.com\/#organization\",\"name\":\"Spin Padel Mexico\",\"url\":\"https:\/\/spinpadelmexico.com\/\",\"logo\":{\"@type\":\"ImageObject\",\"inLanguage\":\"en-US\",\"@id\":\"https:\/\/spinpadelmexico.com\/#\/schema\/logo\/image\/\",\"url\":\"https:\/\/spinpadelmexico.com\/wp-content\/uploads\/2024\/07\/cropped-cropped-Spin-Padel-Final-2-1536x1390-1.webp\",\"contentUrl\":\"https:\/\/spinpadelmexico.com\/wp-content\/uploads\/2024\/07\/cropped-cropped-Spin-Padel-Final-2-1536x1390-1.webp\",\"width\":1536,\"height\":1389,\"caption\":\"Spin Padel Mexico\"},\"image\":{\"@id\":\"https:\/\/spinpadelmexico.com\/#\/schema\/logo\/image\/\"}}]}<\/script>\n<!-- \/ Yoast SEO plugin. -->","yoast_head_json":{"title":"Env\u00edo, garant\u00eda y devoluciones - Spin Padel Mexico","robots":{"index":"index","follow":"follow","max-snippet":"max-snippet:-1","max-image-preview":"max-image-preview:large","max-video-preview":"max-video-preview:-1"},"canonical":"https:\/\/spinpadelmexico.com\/en\/envios-devoluciones-garantia","og_locale":"en_US","og_type":"article","og_title":"Env\u00edo, garant\u00eda y devoluciones - Spin Padel Mexico","og_description":"Env\u00edo, Garant\u00eda y Devoluciones Politica de Envios Los pedidos se env\u00edan en un plazo de 24 a 48 horas. La entrega dentro de M\u00e9xico suele tardar entre 3 y 5 d\u00edas h\u00e1biles. No realizamos env\u00edos los fines de semana ni los d\u00edas festivos. Nuestro almac\u00e9n se encuentra en Canc\u00fan, Quintana Roo. No nos hacemos responsables...","og_url":"https:\/\/spinpadelmexico.com\/en\/envios-devoluciones-garantia","og_site_name":"Spin Padel Mexico","article_modified_time":"2024-07-29T03:26:48+00:00","twitter_card":"summary_large_image","twitter_misc":{"Est. reading time":"3 minutes"},"schema":{"@context":"https:\/\/schema.org","@graph":[{"@type":"WebPage","@id":"https:\/\/spinpadelmexico.com\/envios-devoluciones-garantia","url":"https:\/\/spinpadelmexico.com\/envios-devoluciones-garantia","name":"Env\u00edo, garant\u00eda y devoluciones - Spin Padel Mexico","isPartOf":{"@id":"https:\/\/spinpadelmexico.com\/#website"},"datePublished":"2024-07-27T19:52:28+00:00","dateModified":"2024-07-29T03:26:48+00:00","breadcrumb":{"@id":"https:\/\/spinpadelmexico.com\/envios-devoluciones-garantia#breadcrumb"},"inLanguage":"en-US","potentialAction":[{"@type":"ReadAction","target":["https:\/\/spinpadelmexico.com\/envios-devoluciones-garantia"]}]},{"@type":"BreadcrumbList","@id":"https:\/\/spinpadelmexico.com\/envios-devoluciones-garantia#breadcrumb","itemListElement":[{"@type":"ListItem","position":1,"name":"Home","item":"https:\/\/spinpadelmexico.com\/"},{"@type":"ListItem","position":2,"name":"Env\u00edo, garant\u00eda y devoluciones"}]},{"@type":"WebSite","@id":"https:\/\/spinpadelmexico.com\/#website","url":"https:\/\/spinpadelmexico.com\/","name":"Spin Padel Mexico","description":"","publisher":{"@id":"https:\/\/spinpadelmexico.com\/#organization"},"potentialAction":[{"@type":"SearchAction","target":{"@type":"EntryPoint","urlTemplate":"https:\/\/spinpadelmexico.com\/?s={search_term_string}"},"query-input":"required name=search_term_string"}],"inLanguage":"en-US"},{"@type":"Organization","@id":"https:\/\/spinpadelmexico.com\/#organization","name":"Spin Padel Mexico","url":"https:\/\/spinpadelmexico.com\/","logo":{"@type":"ImageObject","inLanguage":"en-US","@id":"https:\/\/spinpadelmexico.com\/#\/schema\/logo\/image\/","url":"https:\/\/spinpadelmexico.com\/wp-content\/uploads\/2024\/07\/cropped-cropped-Spin-Padel-Final-2-1536x1390-1.webp","contentUrl":"https:\/\/spinpadelmexico.com\/wp-content\/uploads\/2024\/07\/cropped-cropped-Spin-Padel-Final-2-1536x1390-1.webp","width":1536,"height":1389,"caption":"Spin Padel Mexico"},"image":{"@id":"https:\/\/spinpadelmexico.com\/#\/schema\/logo\/image\/"}}]}},"jetpack_sharing_enabled":true,"_links":{"self":[{"href":"https:\/\/spinpadelmexico.com\/en\/wp-json\/wp\/v2\/pages\/2097","targetHints":{"allow":["GET"]}}],"collection":[{"href":"https:\/\/spinpadelmexico.com\/en\/wp-json\/wp\/v2\/pages"}],"about":[{"href":"https:\/\/spinpadelmexico.com\/en\/wp-json\/wp\/v2\/types\/page"}],"author":[{"embeddable":true,"href":"https:\/\/spinpadelmexico.com\/en\/wp-json\/wp\/v2\/users\/1"}],"replies":[{"embeddable":true,"href":"https:\/\/spinpadelmexico.com\/en\/wp-json\/wp\/v2\/comments?post=2097"}],"version-history":[{"count":0,"href":"https:\/\/spinpadelmexico.com\/en\/wp-json\/wp\/v2\/pages\/2097\/revisions"}],"wp:attachment":[{"href":"https:\/\/spinpadelmexico.com\/en\/wp-json\/wp\/v2\/media?parent=2097"}],"curies":[{"name":"wp","href":"https:\/\/api.w.org\/{rel}","templated":true}]}}