{"id":1727,"date":"2024-06-25T17:45:16","date_gmt":"2024-06-25T17:45:16","guid":{"rendered":"https:\/\/spinpadelmexico.com\/?page_id=1727"},"modified":"2025-10-20T21:31:11","modified_gmt":"2025-10-20T21:31:11","slug":"maquinas-lanza-pelotas-padel-tenis-spinfire","status":"publish","type":"page","link":"https:\/\/spinpadelmexico.com\/en\/spinfire-ball-machines-padel-tennis","title":{"rendered":"M\u00e1quinas de pelotas de tenis, p\u00e1del y pickleball de primera calidad &#8211; Spin Padel M\u00e9xico"},"content":{"rendered":"<h2 class=\"wp-block-heading has-text-align-center has-theme-palette-7-color has-text-color has-background has-link-color wp-elements-45c68a128937d183f2841e408d622fe5\" style=\"background:linear-gradient(180deg,rgb(78,35,148) 0%,rgb(219,201,245) 100%)\">Discover Premium Tennis, Padel &amp; Pickleball Ball Machines - Spin Padel Mexico<\/h2>\n\n\n\n<h2 class=\"wp-block-heading has-theme-palette-2-color has-text-color has-link-color wp-elements-9dae2f5437829f6f8fb9c0a4fb0d9bbb\">Welcome to Spin Padel Mexico<\/h2>\n\n\n\n<p>Discover the pinnacle of training excellence with Spinfire Sport, offering the most advanced Tennis, Padel, and Pickleball ball machines in their class.<br><br>Experience unmatched features like Internal Movement for unpredictable shots, Random Modes for realistic play patterns, and AI-Powered Drills for dynamic sessions. Enjoy seamless operation with All-Inclusive Remote and App Control, and tailor every aspect of your practice with Total Customization.<br><br>With a perfect blend of performance, portability, durability, elegance, and reliability, Spinfire products will elevate your game to new heights.<br><br>Join the ranks of top athletes and coaches who trust Spinfire for their training needs.<br><br>Click below to explore the features of each ball machine and find your ultimate training partner today!<\/p>\n\n\n\n<div class=\"wp-block-columns has-theme-palette-8-background-color has-background is-layout-flex wp-container-core-columns-is-layout-9d6595d7 wp-block-columns-is-layout-flex\" style=\"border-radius:10px\">\n<div class=\"wp-block-column is-layout-flow wp-block-column-is-layout-flow\">\n<figure class=\"wp-block-image size-full has-custom-border\"><img decoding=\"async\" width=\"1080\" height=\"1080\" src=\"https:\/\/spinpadelmexico.com\/wp-content\/uploads\/2025\/10\/SpinFire-Panel-Padel-1.png\" alt=\"\" class=\"wp-image-2682\" style=\"border-radius:20px\" srcset=\"https:\/\/spinpadelmexico.com\/wp-content\/uploads\/2025\/10\/SpinFire-Panel-Padel-1.png 1080w, https:\/\/spinpadelmexico.com\/wp-content\/uploads\/2025\/10\/SpinFire-Panel-Padel-1-300x300.png 300w, https:\/\/spinpadelmexico.com\/wp-content\/uploads\/2025\/10\/SpinFire-Panel-Padel-1-1024x1024.png 1024w, https:\/\/spinpadelmexico.com\/wp-content\/uploads\/2025\/10\/SpinFire-Panel-Padel-1-150x150.png 150w, https:\/\/spinpadelmexico.com\/wp-content\/uploads\/2025\/10\/SpinFire-Panel-Padel-1-768x768.png 768w, https:\/\/spinpadelmexico.com\/wp-content\/uploads\/2025\/10\/SpinFire-Panel-Padel-1-12x12.png 12w, https:\/\/spinpadelmexico.com\/wp-content\/uploads\/2025\/10\/SpinFire-Panel-Padel-1-600x600.png 600w, https:\/\/spinpadelmexico.com\/wp-content\/uploads\/2025\/10\/SpinFire-Panel-Padel-1-100x100.png 100w\" sizes=\"(max-width: 1080px) 100vw, 1080px\" \/><\/figure>\n<\/div>\n\n\n\n<div class=\"wp-block-column is-layout-flow wp-block-column-is-layout-flow\">\n<h3 class=\"wp-block-heading has-theme-palette-1-color has-text-color has-link-color wp-elements-d7053af86cfb5123f0417fa99bad3c35\">Ball Machine <br>Spinfire Pro 2<\/h3>\n\n\n\n<p>Excellent option for Tennis &amp; Padel<\/p>\n\n\n\n<div class=\"wp-block-buttons is-layout-flex wp-block-buttons-is-layout-flex\">\n<div class=\"wp-block-button\"><a class=\"wp-block-button__link wp-element-button\" href=\"https:\/\/spinpadelmexico.com\/en\/spinfire-pro-2-ball-machines\/\"><strong>See details<\/strong><\/a><\/div>\n<\/div>\n<\/div>\n<\/div>\n\n\n\n<div class=\"wp-block-columns has-theme-palette-8-background-color has-background is-layout-flex wp-container-core-columns-is-layout-9d6595d7 wp-block-columns-is-layout-flex\" style=\"border-radius:10px\">\n<div class=\"wp-block-column is-layout-flow wp-block-column-is-layout-flow\"><div class=\"wp-block-image\">\n<figure class=\"aligncenter size-full is-resized has-custom-border\"><img decoding=\"async\" width=\"1080\" height=\"1080\" src=\"https:\/\/spinpadelmexico.com\/wp-content\/uploads\/2024\/07\/Maquina-Pickleball-Spinpadel-Mexico.webp\" alt=\"\" class=\"wp-image-1929\" style=\"border-radius:20px;object-fit:cover;width:497px;height:auto\" srcset=\"https:\/\/spinpadelmexico.com\/wp-content\/uploads\/2024\/07\/Maquina-Pickleball-Spinpadel-Mexico.webp 1080w, https:\/\/spinpadelmexico.com\/wp-content\/uploads\/2024\/07\/Maquina-Pickleball-Spinpadel-Mexico-300x300.webp 300w, https:\/\/spinpadelmexico.com\/wp-content\/uploads\/2024\/07\/Maquina-Pickleball-Spinpadel-Mexico-1024x1024.webp 1024w, https:\/\/spinpadelmexico.com\/wp-content\/uploads\/2024\/07\/Maquina-Pickleball-Spinpadel-Mexico-150x150.webp 150w, https:\/\/spinpadelmexico.com\/wp-content\/uploads\/2024\/07\/Maquina-Pickleball-Spinpadel-Mexico-768x768.webp 768w, https:\/\/spinpadelmexico.com\/wp-content\/uploads\/2024\/07\/Maquina-Pickleball-Spinpadel-Mexico-12x12.webp 12w, https:\/\/spinpadelmexico.com\/wp-content\/uploads\/2024\/07\/Maquina-Pickleball-Spinpadel-Mexico-600x600.webp 600w, https:\/\/spinpadelmexico.com\/wp-content\/uploads\/2024\/07\/Maquina-Pickleball-Spinpadel-Mexico-100x100.webp 100w\" sizes=\"(max-width: 1080px) 100vw, 1080px\" \/><\/figure>\n<\/div><\/div>\n\n\n\n<div class=\"wp-block-column is-layout-flow wp-block-column-is-layout-flow\">\n<h3 class=\"wp-block-heading has-theme-palette-1-color has-text-color has-link-color wp-elements-290bfc2161c257984ebe8d2bff2a01c8\">Ball Machine <strong>Spinfire Pickleball <\/strong>- Soon.<\/h3>\n\n\n\n<p>Excellent Option for Pickleball<\/p>\n\n\n\n<div class=\"wp-block-buttons is-layout-flex wp-block-buttons-is-layout-flex\">\n<div class=\"wp-block-button\"><a class=\"wp-block-button__link wp-element-button\" href=\"https:\/\/api.whatsapp.com\/send?phone=5219982205567&amp;text=Hola%20me%20gustar%C3%ADa%20hablar%20con%20un%20asesor!\" target=\"_blank\" rel=\"noreferrer noopener\"><strong>Contact us now<\/strong><\/a><\/div>\n<\/div>\n<\/div>\n<\/div>","protected":false},"excerpt":{"rendered":"<p>Descubre las m\u00e1quinas lanzapelotas de tenis, p\u00e1del y pickleball de primera calidad &#8211; Spin Padel M\u00e9xico Bienvenidos a Spin Padel M\u00e9xico Descubra la cima de la excelencia en el entrenamiento con Spinfire Sport, que ofrece las m\u00e1quinas de pelotas de tenis, p\u00e1del y pickleball m\u00e1s avanzadas de su clase. Experimente funciones inigualables como el movimiento&#8230;<\/p>","protected":false},"author":1,"featured_media":0,"parent":0,"menu_order":0,"comment_status":"closed","ping_status":"closed","template":"","meta":{"_kadence_starter_templates_imported_post":false,"_kad_post_transparent":"","_kad_post_title":"hide","_kad_post_layout":"","_kad_post_sidebar_id":"","_kad_post_content_style":"","_kad_post_vertical_padding":"","_kad_post_feature":"","_kad_post_feature_position":"","_kad_post_header":false,"_kad_post_footer":false,"footnotes":""},"class_list":["post-1727","page","type-page","status-publish","hentry"],"yoast_head":"<!-- This site is optimized with the Yoast SEO plugin v23.2 - https:\/\/yoast.com\/wordpress\/plugins\/seo\/ -->\n<title>M\u00e1quinas de pelotas de tenis, p\u00e1del y pickleball de primera calidad - Spin Padel M\u00e9xico - Spin Padel Mexico<\/title>\n<meta name=\"robots\" content=\"index, follow, max-snippet:-1, max-image-preview:large, max-video-preview:-1\" \/>\n<link rel=\"canonical\" href=\"https:\/\/spinpadelmexico.com\/en\/spinfire-ball-machines-padel-tennis\" \/>\n<meta property=\"og:locale\" content=\"en_US\" \/>\n<meta property=\"og:type\" content=\"article\" \/>\n<meta property=\"og:title\" content=\"M\u00e1quinas de pelotas de tenis, p\u00e1del y pickleball de primera calidad - Spin Padel M\u00e9xico - Spin Padel Mexico\" \/>\n<meta property=\"og:description\" content=\"Descubre las m\u00e1quinas lanzapelotas de tenis, p\u00e1del y pickleball de primera calidad &#8211; Spin Padel M\u00e9xico Bienvenidos a Spin Padel M\u00e9xico Descubra la cima de la excelencia en el entrenamiento con Spinfire Sport, que ofrece las m\u00e1quinas de pelotas de tenis, p\u00e1del y pickleball m\u00e1s avanzadas de su clase. Experimente funciones inigualables como el movimiento...\" \/>\n<meta property=\"og:url\" content=\"https:\/\/spinpadelmexico.com\/en\/spinfire-ball-machines-padel-tennis\" \/>\n<meta property=\"og:site_name\" content=\"Spin Padel Mexico\" \/>\n<meta property=\"article:modified_time\" content=\"2025-10-20T21:31:11+00:00\" \/>\n<meta property=\"og:image\" content=\"https:\/\/spinpadelmexico.com\/wp-content\/uploads\/2025\/10\/SpinFire-Panel-Padel-1.png\" \/>\n<meta name=\"twitter:card\" content=\"summary_large_image\" \/>\n<meta name=\"twitter:label1\" content=\"Est. reading time\" \/>\n\t<meta name=\"twitter:data1\" content=\"2 minutes\" \/>\n<script type=\"application\/ld+json\" class=\"yoast-schema-graph\">{\"@context\":\"https:\/\/schema.org\",\"@graph\":[{\"@type\":\"WebPage\",\"@id\":\"https:\/\/spinpadelmexico.com\/maquinas-lanza-pelotas-padel-tenis-spinfire\",\"url\":\"https:\/\/spinpadelmexico.com\/maquinas-lanza-pelotas-padel-tenis-spinfire\",\"name\":\"M\u00e1quinas de pelotas de tenis, p\u00e1del y pickleball de primera calidad - Spin Padel M\u00e9xico - Spin Padel Mexico\",\"isPartOf\":{\"@id\":\"https:\/\/spinpadelmexico.com\/#website\"},\"primaryImageOfPage\":{\"@id\":\"https:\/\/spinpadelmexico.com\/maquinas-lanza-pelotas-padel-tenis-spinfire#primaryimage\"},\"image\":{\"@id\":\"https:\/\/spinpadelmexico.com\/maquinas-lanza-pelotas-padel-tenis-spinfire#primaryimage\"},\"thumbnailUrl\":\"https:\/\/spinpadelmexico.com\/wp-content\/uploads\/2025\/10\/SpinFire-Panel-Padel-1.png\",\"datePublished\":\"2024-06-25T17:45:16+00:00\",\"dateModified\":\"2025-10-20T21:31:11+00:00\",\"breadcrumb\":{\"@id\":\"https:\/\/spinpadelmexico.com\/maquinas-lanza-pelotas-padel-tenis-spinfire#breadcrumb\"},\"inLanguage\":\"en-US\",\"potentialAction\":[{\"@type\":\"ReadAction\",\"target\":[\"https:\/\/spinpadelmexico.com\/maquinas-lanza-pelotas-padel-tenis-spinfire\"]}]},{\"@type\":\"ImageObject\",\"inLanguage\":\"en-US\",\"@id\":\"https:\/\/spinpadelmexico.com\/maquinas-lanza-pelotas-padel-tenis-spinfire#primaryimage\",\"url\":\"https:\/\/spinpadelmexico.com\/wp-content\/uploads\/2025\/10\/SpinFire-Panel-Padel-1.png\",\"contentUrl\":\"https:\/\/spinpadelmexico.com\/wp-content\/uploads\/2025\/10\/SpinFire-Panel-Padel-1.png\"},{\"@type\":\"BreadcrumbList\",\"@id\":\"https:\/\/spinpadelmexico.com\/maquinas-lanza-pelotas-padel-tenis-spinfire#breadcrumb\",\"itemListElement\":[{\"@type\":\"ListItem\",\"position\":1,\"name\":\"Home\",\"item\":\"https:\/\/spinpadelmexico.com\/\"},{\"@type\":\"ListItem\",\"position\":2,\"name\":\"M\u00e1quinas de pelotas de tenis, p\u00e1del y pickleball de primera calidad &#8211; Spin Padel M\u00e9xico\"}]},{\"@type\":\"WebSite\",\"@id\":\"https:\/\/spinpadelmexico.com\/#website\",\"url\":\"https:\/\/spinpadelmexico.com\/\",\"name\":\"Spin Padel Mexico\",\"description\":\"\",\"publisher\":{\"@id\":\"https:\/\/spinpadelmexico.com\/#organization\"},\"potentialAction\":[{\"@type\":\"SearchAction\",\"target\":{\"@type\":\"EntryPoint\",\"urlTemplate\":\"https:\/\/spinpadelmexico.com\/?s={search_term_string}\"},\"query-input\":\"required name=search_term_string\"}],\"inLanguage\":\"en-US\"},{\"@type\":\"Organization\",\"@id\":\"https:\/\/spinpadelmexico.com\/#organization\",\"name\":\"Spin Padel Mexico\",\"url\":\"https:\/\/spinpadelmexico.com\/\",\"logo\":{\"@type\":\"ImageObject\",\"inLanguage\":\"en-US\",\"@id\":\"https:\/\/spinpadelmexico.com\/#\/schema\/logo\/image\/\",\"url\":\"https:\/\/spinpadelmexico.com\/wp-content\/uploads\/2024\/07\/cropped-cropped-Spin-Padel-Final-2-1536x1390-1.webp\",\"contentUrl\":\"https:\/\/spinpadelmexico.com\/wp-content\/uploads\/2024\/07\/cropped-cropped-Spin-Padel-Final-2-1536x1390-1.webp\",\"width\":1536,\"height\":1389,\"caption\":\"Spin Padel Mexico\"},\"image\":{\"@id\":\"https:\/\/spinpadelmexico.com\/#\/schema\/logo\/image\/\"}}]}<\/script>\n<!-- \/ Yoast SEO plugin. -->","yoast_head_json":{"title":"M\u00e1quinas de pelotas de tenis, p\u00e1del y pickleball de primera calidad - Spin Padel M\u00e9xico - Spin Padel Mexico","robots":{"index":"index","follow":"follow","max-snippet":"max-snippet:-1","max-image-preview":"max-image-preview:large","max-video-preview":"max-video-preview:-1"},"canonical":"https:\/\/spinpadelmexico.com\/en\/spinfire-ball-machines-padel-tennis","og_locale":"en_US","og_type":"article","og_title":"M\u00e1quinas de pelotas de tenis, p\u00e1del y pickleball de primera calidad - Spin Padel M\u00e9xico - Spin Padel Mexico","og_description":"Descubre las m\u00e1quinas lanzapelotas de tenis, p\u00e1del y pickleball de primera calidad &#8211; Spin Padel M\u00e9xico Bienvenidos a Spin Padel M\u00e9xico Descubra la cima de la excelencia en el entrenamiento con Spinfire Sport, que ofrece las m\u00e1quinas de pelotas de tenis, p\u00e1del y pickleball m\u00e1s avanzadas de su clase. Experimente funciones inigualables como el movimiento...","og_url":"https:\/\/spinpadelmexico.com\/en\/spinfire-ball-machines-padel-tennis","og_site_name":"Spin Padel Mexico","article_modified_time":"2025-10-20T21:31:11+00:00","og_image":[{"url":"https:\/\/spinpadelmexico.com\/wp-content\/uploads\/2025\/10\/SpinFire-Panel-Padel-1.png"}],"twitter_card":"summary_large_image","twitter_misc":{"Est. reading time":"2 minutes"},"schema":{"@context":"https:\/\/schema.org","@graph":[{"@type":"WebPage","@id":"https:\/\/spinpadelmexico.com\/maquinas-lanza-pelotas-padel-tenis-spinfire","url":"https:\/\/spinpadelmexico.com\/maquinas-lanza-pelotas-padel-tenis-spinfire","name":"M\u00e1quinas de pelotas de tenis, p\u00e1del y pickleball de primera calidad - Spin Padel M\u00e9xico - Spin Padel Mexico","isPartOf":{"@id":"https:\/\/spinpadelmexico.com\/#website"},"primaryImageOfPage":{"@id":"https:\/\/spinpadelmexico.com\/maquinas-lanza-pelotas-padel-tenis-spinfire#primaryimage"},"image":{"@id":"https:\/\/spinpadelmexico.com\/maquinas-lanza-pelotas-padel-tenis-spinfire#primaryimage"},"thumbnailUrl":"https:\/\/spinpadelmexico.com\/wp-content\/uploads\/2025\/10\/SpinFire-Panel-Padel-1.png","datePublished":"2024-06-25T17:45:16+00:00","dateModified":"2025-10-20T21:31:11+00:00","breadcrumb":{"@id":"https:\/\/spinpadelmexico.com\/maquinas-lanza-pelotas-padel-tenis-spinfire#breadcrumb"},"inLanguage":"en-US","potentialAction":[{"@type":"ReadAction","target":["https:\/\/spinpadelmexico.com\/maquinas-lanza-pelotas-padel-tenis-spinfire"]}]},{"@type":"ImageObject","inLanguage":"en-US","@id":"https:\/\/spinpadelmexico.com\/maquinas-lanza-pelotas-padel-tenis-spinfire#primaryimage","url":"https:\/\/spinpadelmexico.com\/wp-content\/uploads\/2025\/10\/SpinFire-Panel-Padel-1.png","contentUrl":"https:\/\/spinpadelmexico.com\/wp-content\/uploads\/2025\/10\/SpinFire-Panel-Padel-1.png"},{"@type":"BreadcrumbList","@id":"https:\/\/spinpadelmexico.com\/maquinas-lanza-pelotas-padel-tenis-spinfire#breadcrumb","itemListElement":[{"@type":"ListItem","position":1,"name":"Home","item":"https:\/\/spinpadelmexico.com\/"},{"@type":"ListItem","position":2,"name":"M\u00e1quinas de pelotas de tenis, p\u00e1del y pickleball de primera calidad &#8211; Spin Padel M\u00e9xico"}]},{"@type":"WebSite","@id":"https:\/\/spinpadelmexico.com\/#website","url":"https:\/\/spinpadelmexico.com\/","name":"Spin Padel Mexico","description":"","publisher":{"@id":"https:\/\/spinpadelmexico.com\/#organization"},"potentialAction":[{"@type":"SearchAction","target":{"@type":"EntryPoint","urlTemplate":"https:\/\/spinpadelmexico.com\/?s={search_term_string}"},"query-input":"required name=search_term_string"}],"inLanguage":"en-US"},{"@type":"Organization","@id":"https:\/\/spinpadelmexico.com\/#organization","name":"Spin Padel Mexico","url":"https:\/\/spinpadelmexico.com\/","logo":{"@type":"ImageObject","inLanguage":"en-US","@id":"https:\/\/spinpadelmexico.com\/#\/schema\/logo\/image\/","url":"https:\/\/spinpadelmexico.com\/wp-content\/uploads\/2024\/07\/cropped-cropped-Spin-Padel-Final-2-1536x1390-1.webp","contentUrl":"https:\/\/spinpadelmexico.com\/wp-content\/uploads\/2024\/07\/cropped-cropped-Spin-Padel-Final-2-1536x1390-1.webp","width":1536,"height":1389,"caption":"Spin Padel Mexico"},"image":{"@id":"https:\/\/spinpadelmexico.com\/#\/schema\/logo\/image\/"}}]}},"jetpack_sharing_enabled":true,"_links":{"self":[{"href":"https:\/\/spinpadelmexico.com\/en\/wp-json\/wp\/v2\/pages\/1727","targetHints":{"allow":["GET"]}}],"collection":[{"href":"https:\/\/spinpadelmexico.com\/en\/wp-json\/wp\/v2\/pages"}],"about":[{"href":"https:\/\/spinpadelmexico.com\/en\/wp-json\/wp\/v2\/types\/page"}],"author":[{"embeddable":true,"href":"https:\/\/spinpadelmexico.com\/en\/wp-json\/wp\/v2\/users\/1"}],"replies":[{"embeddable":true,"href":"https:\/\/spinpadelmexico.com\/en\/wp-json\/wp\/v2\/comments?post=1727"}],"version-history":[{"count":0,"href":"https:\/\/spinpadelmexico.com\/en\/wp-json\/wp\/v2\/pages\/1727\/revisions"}],"wp:attachment":[{"href":"https:\/\/spinpadelmexico.com\/en\/wp-json\/wp\/v2\/media?parent=1727"}],"curies":[{"name":"wp","href":"https:\/\/api.w.org\/{rel}","templated":true}]}}